{"id":102,"date":"2020-05-06T13:06:53","date_gmt":"2020-05-06T11:06:53","guid":{"rendered":"http:\/\/test.bock-schroeder.de\/?page_id=102"},"modified":"2020-12-01T16:21:49","modified_gmt":"2020-12-01T15:21:49","slug":"nyheter","status":"publish","type":"page","link":"https:\/\/bock-schroeder.de\/sv\/nyheter\/","title":{"rendered":"Nyheter"},"content":{"rendered":"[vc_row][vc_column]<h1 class=\"vcex-heading vcex-module wpex-text-2xl wpex-font-normal wpex-m-auto wpex-max-w-100 vcex-heading-plain wpex-block\" style=\"color:#009fa8;\"><span class=\"vcex-heading-inner wpex-inline-block wpex-clr\">Nyheter fr\u00e5n den tyska marknaden<\/span><\/h1>[\/vc_column][\/vc_row][vc_row][vc_column][vc_basic_grid post_type=&#8221;post&#8221; max_items=&#8221;10&#8243; grid_id=&#8221;vc_gid:1606836007178-6f98025e-aa04-9&#8243; taxonomies=&#8221;30&#8243;][\/vc_column][\/vc_row]\n","protected":false},"excerpt":{"rendered":"<p>[vc_row][vc_column][\/vc_column][\/vc_row][vc_row][vc_column][vc_basic_grid post_type=&#8221;post&#8221; max_items=&#8221;10&#8243; grid_id=&#8221;vc_gid:1606836007178-6f98025e-aa04-9&#8243; taxonomies=&#8221;30&#8243;][\/vc_column][\/vc_row]<\/p>\n","protected":false},"author":1,"featured_media":0,"parent":0,"menu_order":0,"comment_status":"closed","ping_status":"closed","template":"","meta":[],"yoast_head":"<!-- This site is optimized with the Yoast SEO plugin v17.0 - https:\/\/yoast.com\/wordpress\/plugins\/seo\/ -->\n<title>Nyheter - Bock-Schr\u00f6der Kommunikation<\/title>\n<meta name=\"description\" content=\"H\u00e4r finns nyheterna fr\u00e5n den tyska marknaden. H\u00e4r l\u00e4ser du fr\u00e4mst om resebranschen i Tyskland, Schweiz och \u00d6sterrike och om allm\u00e4nna h\u00e4ndelser som kan p\u00e5verka resandet.\" \/>\n<meta name=\"robots\" content=\"index, follow, max-snippet:-1, max-image-preview:large, max-video-preview:-1\" \/>\n<link rel=\"canonical\" href=\"https:\/\/bock-schroeder.de\/sv\/nyheter\/\" \/>\n<meta property=\"og:locale\" content=\"sv_SE\" \/>\n<meta property=\"og:type\" content=\"article\" \/>\n<meta property=\"og:title\" content=\"Nyheter - Bock-Schr\u00f6der Kommunikation\" \/>\n<meta property=\"og:description\" content=\"H\u00e4r finns nyheterna fr\u00e5n den tyska marknaden. H\u00e4r l\u00e4ser du fr\u00e4mst om resebranschen i Tyskland, Schweiz och \u00d6sterrike och om allm\u00e4nna h\u00e4ndelser som kan p\u00e5verka resandet.\" \/>\n<meta property=\"og:url\" content=\"https:\/\/bock-schroeder.de\/sv\/nyheter\/\" \/>\n<meta property=\"og:site_name\" content=\"Bock-Schr\u00f6der Kommunikation\" \/>\n<meta property=\"article:modified_time\" content=\"2020-12-01T15:21:49+00:00\" \/>\n<meta name=\"twitter:card\" content=\"summary_large_image\" \/>\n<script type=\"application\/ld+json\" class=\"yoast-schema-graph\">{\"@context\":\"https:\/\/schema.org\",\"@graph\":[{\"@type\":\"WebSite\",\"@id\":\"https:\/\/bock-schroeder.de\/#website\",\"url\":\"https:\/\/bock-schroeder.de\/\",\"name\":\"Bock-Schr\\u00f6der Kommunikation\",\"description\":\"Tourismus, Marketing und Kommunikation mit einem Fokus auf Nordeuropa\",\"potentialAction\":[{\"@type\":\"SearchAction\",\"target\":{\"@type\":\"EntryPoint\",\"urlTemplate\":\"https:\/\/bock-schroeder.de\/?s={search_term_string}\"},\"query-input\":\"required name=search_term_string\"}],\"inLanguage\":\"sv-SE\"},{\"@type\":\"WebPage\",\"@id\":\"https:\/\/bock-schroeder.de\/sv\/nyheter\/#webpage\",\"url\":\"https:\/\/bock-schroeder.de\/sv\/nyheter\/\",\"name\":\"Nyheter - Bock-Schr\\u00f6der Kommunikation\",\"isPartOf\":{\"@id\":\"https:\/\/bock-schroeder.de\/#website\"},\"datePublished\":\"2020-05-06T11:06:53+00:00\",\"dateModified\":\"2020-12-01T15:21:49+00:00\",\"description\":\"H\\u00e4r finns nyheterna fr\\u00e5n den tyska marknaden. H\\u00e4r l\\u00e4ser du fr\\u00e4mst om resebranschen i Tyskland, Schweiz och \\u00d6sterrike och om allm\\u00e4nna h\\u00e4ndelser som kan p\\u00e5verka resandet.\",\"breadcrumb\":{\"@id\":\"https:\/\/bock-schroeder.de\/sv\/nyheter\/#breadcrumb\"},\"inLanguage\":\"sv-SE\",\"potentialAction\":[{\"@type\":\"ReadAction\",\"target\":[\"https:\/\/bock-schroeder.de\/sv\/nyheter\/\"]}]},{\"@type\":\"BreadcrumbList\",\"@id\":\"https:\/\/bock-schroeder.de\/sv\/nyheter\/#breadcrumb\",\"itemListElement\":[{\"@type\":\"ListItem\",\"position\":1,\"name\":\"Startseite\",\"item\":\"https:\/\/bock-schroeder.de\/sv\/\"},{\"@type\":\"ListItem\",\"position\":2,\"name\":\"Nyheter\"}]}]}<\/script>\n<!-- \/ Yoast SEO plugin. -->","yoast_head_json":{"title":"Nyheter - Bock-Schr\u00f6der Kommunikation","description":"H\u00e4r finns nyheterna fr\u00e5n den tyska marknaden. H\u00e4r l\u00e4ser du fr\u00e4mst om resebranschen i Tyskland, Schweiz och \u00d6sterrike och om allm\u00e4nna h\u00e4ndelser som kan p\u00e5verka resandet.","robots":{"index":"index","follow":"follow","max-snippet":"max-snippet:-1","max-image-preview":"max-image-preview:large","max-video-preview":"max-video-preview:-1"},"canonical":"https:\/\/bock-schroeder.de\/sv\/nyheter\/","og_locale":"sv_SE","og_type":"article","og_title":"Nyheter - Bock-Schr\u00f6der Kommunikation","og_description":"H\u00e4r finns nyheterna fr\u00e5n den tyska marknaden. H\u00e4r l\u00e4ser du fr\u00e4mst om resebranschen i Tyskland, Schweiz och \u00d6sterrike och om allm\u00e4nna h\u00e4ndelser som kan p\u00e5verka resandet.","og_url":"https:\/\/bock-schroeder.de\/sv\/nyheter\/","og_site_name":"Bock-Schr\u00f6der Kommunikation","article_modified_time":"2020-12-01T15:21:49+00:00","twitter_card":"summary_large_image","schema":{"@context":"https:\/\/schema.org","@graph":[{"@type":"WebSite","@id":"https:\/\/bock-schroeder.de\/#website","url":"https:\/\/bock-schroeder.de\/","name":"Bock-Schr\u00f6der Kommunikation","description":"Tourismus, Marketing und Kommunikation mit einem Fokus auf Nordeuropa","potentialAction":[{"@type":"SearchAction","target":{"@type":"EntryPoint","urlTemplate":"https:\/\/bock-schroeder.de\/?s={search_term_string}"},"query-input":"required name=search_term_string"}],"inLanguage":"sv-SE"},{"@type":"WebPage","@id":"https:\/\/bock-schroeder.de\/sv\/nyheter\/#webpage","url":"https:\/\/bock-schroeder.de\/sv\/nyheter\/","name":"Nyheter - Bock-Schr\u00f6der Kommunikation","isPartOf":{"@id":"https:\/\/bock-schroeder.de\/#website"},"datePublished":"2020-05-06T11:06:53+00:00","dateModified":"2020-12-01T15:21:49+00:00","description":"H\u00e4r finns nyheterna fr\u00e5n den tyska marknaden. H\u00e4r l\u00e4ser du fr\u00e4mst om resebranschen i Tyskland, Schweiz och \u00d6sterrike och om allm\u00e4nna h\u00e4ndelser som kan p\u00e5verka resandet.","breadcrumb":{"@id":"https:\/\/bock-schroeder.de\/sv\/nyheter\/#breadcrumb"},"inLanguage":"sv-SE","potentialAction":[{"@type":"ReadAction","target":["https:\/\/bock-schroeder.de\/sv\/nyheter\/"]}]},{"@type":"BreadcrumbList","@id":"https:\/\/bock-schroeder.de\/sv\/nyheter\/#breadcrumb","itemListElement":[{"@type":"ListItem","position":1,"name":"Startseite","item":"https:\/\/bock-schroeder.de\/sv\/"},{"@type":"ListItem","position":2,"name":"Nyheter"}]}]}},"_links":{"self":[{"href":"https:\/\/bock-schroeder.de\/sv\/wp-json\/wp\/v2\/pages\/102"}],"collection":[{"href":"https:\/\/bock-schroeder.de\/sv\/wp-json\/wp\/v2\/pages"}],"about":[{"href":"https:\/\/bock-schroeder.de\/sv\/wp-json\/wp\/v2\/types\/page"}],"author":[{"embeddable":true,"href":"https:\/\/bock-schroeder.de\/sv\/wp-json\/wp\/v2\/users\/1"}],"replies":[{"embeddable":true,"href":"https:\/\/bock-schroeder.de\/sv\/wp-json\/wp\/v2\/comments?post=102"}],"version-history":[{"count":4,"href":"https:\/\/bock-schroeder.de\/sv\/wp-json\/wp\/v2\/pages\/102\/revisions"}],"predecessor-version":[{"id":989,"href":"https:\/\/bock-schroeder.de\/sv\/wp-json\/wp\/v2\/pages\/102\/revisions\/989"}],"wp:attachment":[{"href":"https:\/\/bock-schroeder.de\/sv\/wp-json\/wp\/v2\/media?parent=102"}],"curies":[{"name":"wp","href":"https:\/\/api.w.org\/{rel}","templated":true}]}}