{"id":124,"date":"2020-05-06T13:48:03","date_gmt":"2020-05-06T11:48:03","guid":{"rendered":"http:\/\/test.bock-schroeder.de\/?page_id=124"},"modified":"2020-10-28T11:40:15","modified_gmt":"2020-10-28T10:40:15","slug":"exempel-2","status":"publish","type":"page","link":"https:\/\/bock-schroeder.de\/sv\/exempel-2\/","title":{"rendered":"Exempel"},"content":{"rendered":"[vc_row]\n[vc_column]<h1 class=\"vcex-heading vcex-module wpex-text-2xl wpex-font-normal wpex-m-auto wpex-max-w-100 vcex-heading-plain wpex-block\" style=\"color:#009fa8;\"><span class=\"vcex-heading-inner wpex-inline-block wpex-clr\">Exempel<\/span><\/h1>[\/vc_column]\n[\/vc_row][vc_row]\n[vc_column]<div class=\"vcex-image-slider-css-wrap vc_custom_1600268188717\"><div class=\"wpex-slider-preloaderimg\"><img width=\"1600\" height=\"840\" src=\"https:\/\/bock-schroeder.de\/wp-content\/uploads\/2020\/09\/HEADER_mit_Logo_EXEMPEL_1600x840.jpg\" class=\"skip-lazy\" alt=\"\" data-no-lazy=\"1\" srcset=\"https:\/\/bock-schroeder.de\/wp-content\/uploads\/2020\/09\/HEADER_mit_Logo_EXEMPEL_1600x840.jpg 1600w, https:\/\/bock-schroeder.de\/wp-content\/uploads\/2020\/09\/HEADER_mit_Logo_EXEMPEL_1600x840-300x158.jpg 300w, https:\/\/bock-schroeder.de\/wp-content\/uploads\/2020\/09\/HEADER_mit_Logo_EXEMPEL_1600x840-1024x538.jpg 1024w, https:\/\/bock-schroeder.de\/wp-content\/uploads\/2020\/09\/HEADER_mit_Logo_EXEMPEL_1600x840-768x403.jpg 768w, https:\/\/bock-schroeder.de\/wp-content\/uploads\/2020\/09\/HEADER_mit_Logo_EXEMPEL_1600x840-1536x806.jpg 1536w\" sizes=\"(max-width: 1600px) 100vw, 1600px\" \/><\/div><div class=\"vcex-module wpex-slider slider-pro vcex-image-slider wpex-clr\" data-auto-play-delay=\"5000\" data-animation-speed=\"600\" data-height-animation-duration=\"500\" data-thumbnail-height=\"70\" data-thumbnail-width=\"70\"><div class=\"wpex-slider-slides sp-slides\"><div class=\"wpex-slider-slide sp-slide\"><div class=\"wpex-slider-media\"><img width=\"1600\" height=\"840\" src=\"https:\/\/bock-schroeder.de\/wp-content\/uploads\/2020\/09\/HEADER_mit_Logo_EXEMPEL_1600x840.jpg\" class=\"skip-lazy\" alt=\"\" data-no-lazy=\"1\" srcset=\"https:\/\/bock-schroeder.de\/wp-content\/uploads\/2020\/09\/HEADER_mit_Logo_EXEMPEL_1600x840.jpg 1600w, https:\/\/bock-schroeder.de\/wp-content\/uploads\/2020\/09\/HEADER_mit_Logo_EXEMPEL_1600x840-300x158.jpg 300w, https:\/\/bock-schroeder.de\/wp-content\/uploads\/2020\/09\/HEADER_mit_Logo_EXEMPEL_1600x840-1024x538.jpg 1024w, https:\/\/bock-schroeder.de\/wp-content\/uploads\/2020\/09\/HEADER_mit_Logo_EXEMPEL_1600x840-768x403.jpg 768w, https:\/\/bock-schroeder.de\/wp-content\/uploads\/2020\/09\/HEADER_mit_Logo_EXEMPEL_1600x840-1536x806.jpg 1536w\" sizes=\"(max-width: 1600px) 100vw, 1600px\" \/><\/div><\/div><\/div><\/div><\/div>[\/vc_column]\n[\/vc_row][vc_row]\n[vc_column][vc_column_text]\n<p>Nationella och regionala turistorganisationer, museer och n\u00f6jesparker, agenturer samt researrang\u00f6rer och f\u00e4rjerederier har anlitat Birgit Bock-Schr\u00f6der f\u00f6r projekt inom kommunikation och marknadsf\u00f6ring, ofta under m\u00e5nga \u00e5r.<\/p>\n[\/vc_column_text][\/vc_column]\n[\/vc_row][vc_row]\n[vc_column][vc_tta_accordion][vc_tta_section title=&#8221;PR och mediarelations&#8221; tab_id=&#8221;1593424357542-abd987ee-45c4&#8243;][vc_column_text]\n<p><img loading=\"lazy\" class=\"wp-image-531 size-medium alignleft\" src=\"https:\/\/bock-schroeder.de\/wp-content\/uploads\/2020\/06\/Exempel_Bock-Schroeder_Medienarbeit_Feelgood_ITB20_2000x1500px-300x225.jpg\" alt=\"\" width=\"300\" height=\"225\" srcset=\"https:\/\/bock-schroeder.de\/wp-content\/uploads\/2020\/06\/Exempel_Bock-Schroeder_Medienarbeit_Feelgood_ITB20_2000x1500px-300x225.jpg 300w, https:\/\/bock-schroeder.de\/wp-content\/uploads\/2020\/06\/Exempel_Bock-Schroeder_Medienarbeit_Feelgood_ITB20_2000x1500px-1024x768.jpg 1024w, https:\/\/bock-schroeder.de\/wp-content\/uploads\/2020\/06\/Exempel_Bock-Schroeder_Medienarbeit_Feelgood_ITB20_2000x1500px-768x576.jpg 768w, https:\/\/bock-schroeder.de\/wp-content\/uploads\/2020\/06\/Exempel_Bock-Schroeder_Medienarbeit_Feelgood_ITB20_2000x1500px-1536x1152.jpg 1536w, https:\/\/bock-schroeder.de\/wp-content\/uploads\/2020\/06\/Exempel_Bock-Schroeder_Medienarbeit_Feelgood_ITB20_2000x1500px.jpg 2000w\" sizes=\"(max-width: 300px) 100vw, 300px\" \/>I \u00e5rtionden har jag gjort PR-arbete f\u00f6r organisationer och f\u00f6retag inom turistn\u00e4ringen. Jag erbjuder full service som extern PR-byr\u00e5 eller som leverant\u00f6r till f\u00f6retagets kommunikationsavdelning \u2013 som till exempel f\u00f6r:<\/p>\n<ul>\n<li>Feelgood Reisen<\/li>\n<li>G\u00f6ta Kanal<\/li>\n<li>Astrid Lindgrens Welt<\/li>\n<li><a href=\"https:\/\/bock-schroeder.de\/exempel-color-magic-kommunikation-von-der-kiellegung-bis-zur-taufe\/\">Color Line<\/a><\/li>\n<li>Fjord Trophy Kampagne<\/li>\n<li style=\"text-align: left;\">SmalandTraum<\/li>\n<li style=\"text-align: left;\">Visitsm\u00e5land<\/li>\n<li>m fl<\/li>\n<\/ul>\n<p>&nbsp;<\/p>\n[\/vc_column_text][\/vc_tta_section][vc_tta_section title=&#8221;Contentproduktion&#8221; tab_id=&#8221;1593458798744-a501e765-d7f9&#8243;][vc_column_text]\n<p><img loading=\"lazy\" class=\"alignnone wp-image-491 size-medium\" src=\"https:\/\/bock-schroeder.de\/wp-content\/uploads\/2020\/06\/Exempel_Bock-Schroeder_Contentproduktion_feelgoodreisen-Erlebnisreisen_DoppelseiteTitel_2000x1400px-300x169.jpg\" alt=\"\" width=\"300\" height=\"169\" srcset=\"https:\/\/bock-schroeder.de\/wp-content\/uploads\/2020\/06\/Exempel_Bock-Schroeder_Contentproduktion_feelgoodreisen-Erlebnisreisen_DoppelseiteTitel_2000x1400px-300x169.jpg 300w, https:\/\/bock-schroeder.de\/wp-content\/uploads\/2020\/06\/Exempel_Bock-Schroeder_Contentproduktion_feelgoodreisen-Erlebnisreisen_DoppelseiteTitel_2000x1400px-1024x577.jpg 1024w, https:\/\/bock-schroeder.de\/wp-content\/uploads\/2020\/06\/Exempel_Bock-Schroeder_Contentproduktion_feelgoodreisen-Erlebnisreisen_DoppelseiteTitel_2000x1400px-768x433.jpg 768w, https:\/\/bock-schroeder.de\/wp-content\/uploads\/2020\/06\/Exempel_Bock-Schroeder_Contentproduktion_feelgoodreisen-Erlebnisreisen_DoppelseiteTitel_2000x1400px-1536x866.jpg 1536w, https:\/\/bock-schroeder.de\/wp-content\/uploads\/2020\/06\/Exempel_Bock-Schroeder_Contentproduktion_feelgoodreisen-Erlebnisreisen_DoppelseiteTitel_2000x1400px.jpg 2000w\" sizes=\"(max-width: 300px) 100vw, 300px\" \/><\/p>\n<p>Vad skulle b\u00f6cker vara utan text, tidskrifter utan artiklar och webbplatser utan inneh\u00e5ll? P\u00e5 uppdrag av mina kunder producerar jag redaktionellt inneh\u00e5ll \u2013 fr\u00e5n enkla artiklar till en komplett tidskrift eller som l\u00f6pande arbete som webbredakt\u00f6r f\u00f6r en webbsida eller social media kanal. Som till exempel:<\/p>\n<ul>\n<li><a href=\"https:\/\/bock-schroeder.de\/exempel-mit-oeffentlichen-verkehrsmitteln-nach-norwegen-erlebnisreisenmagazin-von-feelgood-reisen\/\">Feelgood Reisen Magazin und Katalog<\/a><\/li>\n<li>Visitsmaland.se\/de Webredaktion<\/li>\n<li><a href=\"https:\/\/bock-schroeder.de\/exempel-tt-news-storytelling-vom-feinsten\/\">TT-News<\/a><\/li>\n<li>Gotland Flyer und Webcontent (Kampanj VisitSweden)<\/li>\n<li>m fl<\/li>\n<\/ul>\n[\/vc_column_text][\/vc_tta_section][vc_tta_section title=&#8221;Social Media&#8221; tab_id=&#8221;1593424357557-e9b7da57-9fdc&#8221;][vc_column_text]\n<p><img loading=\"lazy\" class=\"size-medium wp-image-423 alignleft\" src=\"https:\/\/bock-schroeder.de\/wp-content\/uploads\/2020\/06\/Exempel_Bock-Schroeder_SocialMedia_YT_FeelgoodMotorrad_Screenshot_1088x600px-300x191.jpg\" alt=\"\" width=\"300\" height=\"191\" srcset=\"https:\/\/bock-schroeder.de\/wp-content\/uploads\/2020\/06\/Exempel_Bock-Schroeder_SocialMedia_YT_FeelgoodMotorrad_Screenshot_1088x600px-300x191.jpg 300w, https:\/\/bock-schroeder.de\/wp-content\/uploads\/2020\/06\/Exempel_Bock-Schroeder_SocialMedia_YT_FeelgoodMotorrad_Screenshot_1088x600px-1024x652.jpg 1024w, https:\/\/bock-schroeder.de\/wp-content\/uploads\/2020\/06\/Exempel_Bock-Schroeder_SocialMedia_YT_FeelgoodMotorrad_Screenshot_1088x600px-768x489.jpg 768w, https:\/\/bock-schroeder.de\/wp-content\/uploads\/2020\/06\/Exempel_Bock-Schroeder_SocialMedia_YT_FeelgoodMotorrad_Screenshot_1088x600px.jpg 1088w\" sizes=\"(max-width: 300px) 100vw, 300px\" \/>Facebook, Instagram, YouTube &amp; Co. kan vara effektiva instrument i en kommunikationsstrategi. De utvecklar sin effekt f\u00f6r det mesta som en del av ett f\u00f6retags kommunikationsmix &#8211; till exempel i samspel med f\u00f6retagets egna webb- eller bokningsplattformar. Jag tar hand om kunders sociala mediakanaler i olika funktioner &#8211; fr\u00e5n enkel redakt\u00f6r till administrat\u00f6rer och analytiker \u2013 som till exempel f\u00f6r:<\/p>\n<ul>\n<li>VisitSmaland<\/li>\n<li>Feelgood Reisen<\/li>\n<\/ul>\n<p>&nbsp;<\/p>\n[\/vc_column_text][\/vc_tta_section][vc_tta_section title=&#8221;Kooperationer&#8221; tab_id=&#8221;1593424444305-507e46c5-7fd2&#8243;][vc_column_text]\n<p><img loading=\"lazy\" class=\"size-medium wp-image-429 alignleft\" src=\"https:\/\/bock-schroeder.de\/wp-content\/uploads\/2020\/06\/Exempel_Bock-Schroeder_Kooperationen_Oetinger_ALV_Collage_9593_2000x1500px-300x225.jpg\" alt=\"\" width=\"300\" height=\"225\" srcset=\"https:\/\/bock-schroeder.de\/wp-content\/uploads\/2020\/06\/Exempel_Bock-Schroeder_Kooperationen_Oetinger_ALV_Collage_9593_2000x1500px-300x225.jpg 300w, https:\/\/bock-schroeder.de\/wp-content\/uploads\/2020\/06\/Exempel_Bock-Schroeder_Kooperationen_Oetinger_ALV_Collage_9593_2000x1500px-1024x768.jpg 1024w, https:\/\/bock-schroeder.de\/wp-content\/uploads\/2020\/06\/Exempel_Bock-Schroeder_Kooperationen_Oetinger_ALV_Collage_9593_2000x1500px-768x576.jpg 768w, https:\/\/bock-schroeder.de\/wp-content\/uploads\/2020\/06\/Exempel_Bock-Schroeder_Kooperationen_Oetinger_ALV_Collage_9593_2000x1500px-1536x1152.jpg 1536w, https:\/\/bock-schroeder.de\/wp-content\/uploads\/2020\/06\/Exempel_Bock-Schroeder_Kooperationen_Oetinger_ALV_Collage_9593_2000x1500px.jpg 2000w\" sizes=\"(max-width: 300px) 100vw, 300px\" \/>Kooperationen sind dann erfolgreich, wenn alle Beteiligten daraus einen Nutzen ziehen k\u00f6nnen. Ich bin ein gro\u00dfer Fan von Win-Win-Partnerschaften und lotse gern neue M\u00f6glichkeiten aus, Kunden und Partner zu Projekten zusammen zu bringen, von denen alle Seiten profitieren &#8211; wie zum Beispiel:<\/p>\n<ul>\n<li>Astrid Lindgrens Welt und Oetinger Verlag<\/li>\n<li>SmalandTraum und Stena Line<\/li>\n<\/ul>\n<p>&nbsp;<\/p>\n[\/vc_column_text][\/vc_tta_section][vc_tta_section title=&#8221;Newsletter-Marketing&#8221; tab_id=&#8221;1593464090167-d046e316-51bb&#8221;][vc_column_text]\n<p><img loading=\"lazy\" class=\"wp-image-437 size-medium alignleft\" src=\"https:\/\/bock-schroeder.de\/wp-content\/uploads\/2020\/06\/Exempel_Bock-Schroeder_Newsletter_FG_NLAnm_collage_600x314-300x157.jpg\" alt=\"\" width=\"300\" height=\"157\" srcset=\"https:\/\/bock-schroeder.de\/wp-content\/uploads\/2020\/06\/Exempel_Bock-Schroeder_Newsletter_FG_NLAnm_collage_600x314-300x157.jpg 300w, https:\/\/bock-schroeder.de\/wp-content\/uploads\/2020\/06\/Exempel_Bock-Schroeder_Newsletter_FG_NLAnm_collage_600x314.jpg 600w\" sizes=\"(max-width: 300px) 100vw, 300px\" \/><\/p>\n<p>Email-Newsletter sind ein starkes Tool. Ohne hohe Kosten verbreiten sie Botschaften zielgerichtet. Ich biete meinen Kunden die Komplettl\u00f6sung zur Herausgabe eines erfolgreichen, professionellen, seri\u00f6sen Newsletters \u2013 egal ob B2B oder direkt an Konsumenten gerichtet. Vergleichsweise eher hohe \u00d6ffnungsraten, die \u201emeine\u201c Newsletter erzielen, sprechen f\u00fcr sich &#8211; wie zum Beispiel die Newsletter f\u00fcr:<\/p>\n<ul>\n<li>Fjord Line Deutschland GmbH<\/li>\n<li>Feelgood Reisen<\/li>\n<li>Bock-Schr\u00f6der Kommunikation &#8211; Branchennewsletter<\/li>\n<\/ul>\n<p>&nbsp;<\/p>\n[\/vc_column_text][\/vc_tta_section][vc_tta_section title=&#8221;Content-Marketing&#8221; tab_id=&#8221;1593464864423-c1bcea0d-6ca3&#8243;][vc_column_text]\n<p><img loading=\"lazy\" class=\"alignleft wp-image-443 size-medium\" src=\"https:\/\/bock-schroeder.de\/wp-content\/uploads\/2020\/06\/Exempel_Bock-Schroeder_Contentmarketing_Feelgood_Motorrad_Screen_1000PS_1300x900-300x213.jpg\" alt=\"\" width=\"300\" height=\"213\" srcset=\"https:\/\/bock-schroeder.de\/wp-content\/uploads\/2020\/06\/Exempel_Bock-Schroeder_Contentmarketing_Feelgood_Motorrad_Screen_1000PS_1300x900-300x213.jpg 300w, https:\/\/bock-schroeder.de\/wp-content\/uploads\/2020\/06\/Exempel_Bock-Schroeder_Contentmarketing_Feelgood_Motorrad_Screen_1000PS_1300x900-1024x729.jpg 1024w, https:\/\/bock-schroeder.de\/wp-content\/uploads\/2020\/06\/Exempel_Bock-Schroeder_Contentmarketing_Feelgood_Motorrad_Screen_1000PS_1300x900-768x546.jpg 768w, https:\/\/bock-schroeder.de\/wp-content\/uploads\/2020\/06\/Exempel_Bock-Schroeder_Contentmarketing_Feelgood_Motorrad_Screen_1000PS_1300x900.jpg 1300w\" sizes=\"(max-width: 300px) 100vw, 300px\" \/><\/p>\n<p>Der Mix macht\u2019s! Aber ohne Inhalt ist alles nichts. Welche Kan\u00e4le, Plattformen, Blogs, Medien sind denn nun wichtig auf der viel beschworenen Customer-Journey eines Kunden? Welche Story sollte ein Unternehmen denn wem und wo erz\u00e4hlen? Ich unterst\u00fctze meine Auftraggeber dabei, den richtigen Mix an kommunikativen Botschaften zu planen, zu produzieren und dort zu platzieren, wo sie ihre Wirkung m\u00f6glichst zielgenau und effektvoll entfalten &#8211; wie zum Beispiel:<\/p>\n<ul>\n<li>Feelgood Reisen<\/li>\n<\/ul>\n<p>&nbsp;<\/p>\n[\/vc_column_text][\/vc_tta_section][vc_tta_section title=&#8221;\u00dcbersetzungen&#8221; tab_id=&#8221;1593467147252-b4204127-aabe&#8221;][vc_column_text]\n<p><img loading=\"lazy\" class=\"wp-image-450 size-medium alignnone\" src=\"https:\/\/bock-schroeder.de\/wp-content\/uploads\/2020\/06\/Exempel_Bock-Schroeder_Uebersetzungen_Stavanger_2000x1500-300x225.jpg\" alt=\"\" width=\"300\" height=\"225\" srcset=\"https:\/\/bock-schroeder.de\/wp-content\/uploads\/2020\/06\/Exempel_Bock-Schroeder_Uebersetzungen_Stavanger_2000x1500-300x225.jpg 300w, https:\/\/bock-schroeder.de\/wp-content\/uploads\/2020\/06\/Exempel_Bock-Schroeder_Uebersetzungen_Stavanger_2000x1500-1024x768.jpg 1024w, https:\/\/bock-schroeder.de\/wp-content\/uploads\/2020\/06\/Exempel_Bock-Schroeder_Uebersetzungen_Stavanger_2000x1500-768x576.jpg 768w, https:\/\/bock-schroeder.de\/wp-content\/uploads\/2020\/06\/Exempel_Bock-Schroeder_Uebersetzungen_Stavanger_2000x1500-1536x1152.jpg 1536w, https:\/\/bock-schroeder.de\/wp-content\/uploads\/2020\/06\/Exempel_Bock-Schroeder_Uebersetzungen_Stavanger_2000x1500.jpg 2000w\" sizes=\"(max-width: 300px) 100vw, 300px\" \/><\/p>\n<p>Ich \u00fcbersetze aus den skandinavischen Sprachen und aus dem Englischen ins Deutsche. Wenn es um emotionale Werbebotschaften im internationalen Tourismusmarketing geht, dann ist eine schlichte \u00dcbertragung in eine andere Sprache oft zu wenig: Dann transferiere ich eher die Botschaft von einem sprachlichen Kulturraum in einen anderen, damit sie kognitiv und emotional voll ankommt. Wie zum Beispiel f\u00fcr:<\/p>\n<ul>\n<li>Region Stavanger<\/li>\n<li>V\u00e4xj\u00f6 &amp; Co.<\/li>\n<li>Dalarna<\/li>\n<li>Sm\u00e5lands Turism<\/li>\n<li>uva<\/li>\n<\/ul>\n<p>&nbsp;<\/p>\n[\/vc_column_text][\/vc_tta_section][vc_tta_section title=&#8221;Corporate Publishing&#8221; tab_id=&#8221;1593468861419-8221f412-2b2d&#8221;][vc_column_text]\n<p><img loading=\"lazy\" class=\"wp-image-496 size-medium alignnone\" src=\"https:\/\/bock-schroeder.de\/wp-content\/uploads\/2020\/06\/Exempel_Bock-Schroeder_Contentproduktion_feelgoodreisen-Motorradreisen_DoppelseiteTitel_2000x1400px-300x169.jpg\" alt=\"\" width=\"300\" height=\"169\" srcset=\"https:\/\/bock-schroeder.de\/wp-content\/uploads\/2020\/06\/Exempel_Bock-Schroeder_Contentproduktion_feelgoodreisen-Motorradreisen_DoppelseiteTitel_2000x1400px-300x169.jpg 300w, https:\/\/bock-schroeder.de\/wp-content\/uploads\/2020\/06\/Exempel_Bock-Schroeder_Contentproduktion_feelgoodreisen-Motorradreisen_DoppelseiteTitel_2000x1400px-1024x577.jpg 1024w, https:\/\/bock-schroeder.de\/wp-content\/uploads\/2020\/06\/Exempel_Bock-Schroeder_Contentproduktion_feelgoodreisen-Motorradreisen_DoppelseiteTitel_2000x1400px-768x433.jpg 768w, https:\/\/bock-schroeder.de\/wp-content\/uploads\/2020\/06\/Exempel_Bock-Schroeder_Contentproduktion_feelgoodreisen-Motorradreisen_DoppelseiteTitel_2000x1400px-1536x866.jpg 1536w, https:\/\/bock-schroeder.de\/wp-content\/uploads\/2020\/06\/Exempel_Bock-Schroeder_Contentproduktion_feelgoodreisen-Motorradreisen_DoppelseiteTitel_2000x1400px.jpg 2000w\" sizes=\"(max-width: 300px) 100vw, 300px\" \/><\/p>\n<p>Unternehmen publizieren in eigener Regie: Kundenmagazine, Mitarbeiterzeitschriften, Flyer, B\u00fccher und Buch-Reihen sind einige Beispiele aus dem Print-Bereich, die das Redaktionsb\u00fcro Bock-Schr\u00f6der \u00a0redaktionell und produktionstechnisch im Kundenauftrag betreut hat &#8211; wie zum Beispiel:<\/p>\n<ul>\n<li><a href=\"https:\/\/bock-schroeder.de\/exempel-tt-news-storytelling-vom-feinsten\/\">TT-News &#8211; Mitarbeiterzeitschrift<\/a><\/li>\n<li>Visit Sweden &#8211; Gotland &#8211; Print und Web-Kampagne<\/li>\n<li>Haman Scandinavia &#8211; Nordeuropa-Reisef\u00fchrer<\/li>\n<li><a href=\"https:\/\/bock-schroeder.de\/exempel-mit-oeffentlichen-verkehrsmitteln-nach-norwegen-erlebnisreisenmagazin-von-feelgood-reisen\/\">Feelgood Reisen &#8211; Magazin mit Katalog<\/a><\/li>\n<li>Color Line &#8211; Oslo Reisef\u00fchrer<\/li>\n<li>Louis &#8211; Buchreihe Motorradreisef\u00fchrer<\/li>\n<li>uva<\/li>\n<\/ul>\n<p>&nbsp;<\/p>\n[\/vc_column_text][\/vc_tta_section][\/vc_tta_accordion][\/vc_column]\n[\/vc_row]\n","protected":false},"excerpt":{"rendered":"<p>[vc_row] [vc_column][\/vc_column] [\/vc_row][vc_row] [vc_column][\/vc_column] [\/vc_row][vc_row] [vc_column][vc_column_text] Nationella och regionala turistorganisationer, museer och n\u00f6jesparker, agenturer samt researrang\u00f6rer och f\u00e4rjerederier har anlitat Birgit Bock-Schr\u00f6der f\u00f6r projekt inom kommunikation och marknadsf\u00f6ring, ofta under m\u00e5nga \u00e5r. [\/vc_column_text][\/vc_column] [\/vc_row][vc_row] [vc_column][vc_tta_accordion][vc_tta_section title=&#8221;PR och mediarelations&#8221; tab_id=&#8221;1593424357542-abd987ee-45c4&#8243;][vc_column_text] I \u00e5rtionden har jag gjort PR-arbete f\u00f6r organisationer och f\u00f6retag inom turistn\u00e4ringen. Jag erbjuder full service&hellip;<\/p>\n","protected":false},"author":1,"featured_media":0,"parent":0,"menu_order":0,"comment_status":"closed","ping_status":"closed","template":"","meta":[],"yoast_head":"<!-- This site is optimized with the Yoast SEO plugin v17.0 - https:\/\/yoast.com\/wordpress\/plugins\/seo\/ -->\n<title>Exempel - Bock-Schr\u00f6der Kommunikation<\/title>\n<meta name=\"description\" content=\"Inspirera, marknadsf\u00f6ra och utveckla kommunikationsstrategier f\u00f6r den tyska marknaden. H\u00e4r hittar du exempel p\u00e5 v\u00e5ra tj\u00e4nster.\" \/>\n<meta name=\"robots\" content=\"index, follow, max-snippet:-1, max-image-preview:large, max-video-preview:-1\" \/>\n<link rel=\"canonical\" href=\"https:\/\/bock-schroeder.de\/sv\/exempel\/\" \/>\n<meta property=\"og:locale\" content=\"sv_SE\" \/>\n<meta property=\"og:type\" content=\"article\" \/>\n<meta property=\"og:title\" content=\"Exempel - Bock-Schr\u00f6der Kommunikation\" \/>\n<meta property=\"og:description\" content=\"Inspirera, marknadsf\u00f6ra och utveckla kommunikationsstrategier f\u00f6r den tyska marknaden. H\u00e4r hittar du exempel p\u00e5 v\u00e5ra tj\u00e4nster.\" \/>\n<meta property=\"og:url\" content=\"https:\/\/bock-schroeder.de\/exempel\/\" \/>\n<meta property=\"og:site_name\" content=\"Bock-Schr\u00f6der Kommunikation\" \/>\n<meta property=\"article:modified_time\" content=\"2020-10-28T10:40:15+00:00\" \/>\n<meta property=\"og:image\" content=\"https:\/\/bock-schroeder.de\/wp-content\/uploads\/2020\/09\/HEADER_mit_Logo_EXEMPEL_1600x840.jpg\" \/>\n<meta name=\"twitter:card\" content=\"summary_large_image\" \/>\n<meta name=\"twitter:label1\" content=\"Ber\u00e4knad l\u00e4stid\" \/>\n\t<meta name=\"twitter:data1\" content=\"4 minuter\" \/>\n<script type=\"application\/ld+json\" class=\"yoast-schema-graph\">{\"@context\":\"https:\/\/schema.org\",\"@graph\":[{\"@type\":\"WebSite\",\"@id\":\"https:\/\/bock-schroeder.de\/#website\",\"url\":\"https:\/\/bock-schroeder.de\/\",\"name\":\"Bock-Schr\\u00f6der Kommunikation\",\"description\":\"Tourismus, Marketing und Kommunikation mit einem Fokus auf Nordeuropa\",\"potentialAction\":[{\"@type\":\"SearchAction\",\"target\":{\"@type\":\"EntryPoint\",\"urlTemplate\":\"https:\/\/bock-schroeder.de\/?s={search_term_string}\"},\"query-input\":\"required name=search_term_string\"}],\"inLanguage\":\"sv-SE\"},{\"@type\":\"ImageObject\",\"@id\":\"https:\/\/bock-schroeder.de\/exempel\/#primaryimage\",\"inLanguage\":\"sv-SE\",\"url\":\"\",\"contentUrl\":\"\"},{\"@type\":\"WebPage\",\"@id\":\"https:\/\/bock-schroeder.de\/exempel\/#webpage\",\"url\":\"https:\/\/bock-schroeder.de\/exempel\/\",\"name\":\"Exempel - Bock-Schr\\u00f6der Kommunikation\",\"isPartOf\":{\"@id\":\"https:\/\/bock-schroeder.de\/#website\"},\"primaryImageOfPage\":{\"@id\":\"https:\/\/bock-schroeder.de\/exempel\/#primaryimage\"},\"datePublished\":\"2020-05-06T11:48:03+00:00\",\"dateModified\":\"2020-10-28T10:40:15+00:00\",\"description\":\"Inspirera, marknadsf\\u00f6ra och utveckla kommunikationsstrategier f\\u00f6r den tyska marknaden. H\\u00e4r hittar du exempel p\\u00e5 v\\u00e5ra tj\\u00e4nster.\",\"breadcrumb\":{\"@id\":\"https:\/\/bock-schroeder.de\/exempel\/#breadcrumb\"},\"inLanguage\":\"sv-SE\",\"potentialAction\":[{\"@type\":\"ReadAction\",\"target\":[\"https:\/\/bock-schroeder.de\/exempel\/\"]}]},{\"@type\":\"BreadcrumbList\",\"@id\":\"https:\/\/bock-schroeder.de\/exempel\/#breadcrumb\",\"itemListElement\":[{\"@type\":\"ListItem\",\"position\":1,\"name\":\"Startseite\",\"item\":\"https:\/\/bock-schroeder.de\/sv\/\"},{\"@type\":\"ListItem\",\"position\":2,\"name\":\"Exempel\"}]}]}<\/script>\n<!-- \/ Yoast SEO plugin. -->","yoast_head_json":{"title":"Exempel - Bock-Schr\u00f6der Kommunikation","description":"Inspirera, marknadsf\u00f6ra och utveckla kommunikationsstrategier f\u00f6r den tyska marknaden. H\u00e4r hittar du exempel p\u00e5 v\u00e5ra tj\u00e4nster.","robots":{"index":"index","follow":"follow","max-snippet":"max-snippet:-1","max-image-preview":"max-image-preview:large","max-video-preview":"max-video-preview:-1"},"canonical":"https:\/\/bock-schroeder.de\/sv\/exempel\/","og_locale":"sv_SE","og_type":"article","og_title":"Exempel - Bock-Schr\u00f6der Kommunikation","og_description":"Inspirera, marknadsf\u00f6ra och utveckla kommunikationsstrategier f\u00f6r den tyska marknaden. H\u00e4r hittar du exempel p\u00e5 v\u00e5ra tj\u00e4nster.","og_url":"https:\/\/bock-schroeder.de\/exempel\/","og_site_name":"Bock-Schr\u00f6der Kommunikation","article_modified_time":"2020-10-28T10:40:15+00:00","og_image":[{"url":"https:\/\/bock-schroeder.de\/wp-content\/uploads\/2020\/09\/HEADER_mit_Logo_EXEMPEL_1600x840.jpg"}],"twitter_card":"summary_large_image","twitter_misc":{"Ber\u00e4knad l\u00e4stid":"4 minuter"},"schema":{"@context":"https:\/\/schema.org","@graph":[{"@type":"WebSite","@id":"https:\/\/bock-schroeder.de\/#website","url":"https:\/\/bock-schroeder.de\/","name":"Bock-Schr\u00f6der Kommunikation","description":"Tourismus, Marketing und Kommunikation mit einem Fokus auf Nordeuropa","potentialAction":[{"@type":"SearchAction","target":{"@type":"EntryPoint","urlTemplate":"https:\/\/bock-schroeder.de\/?s={search_term_string}"},"query-input":"required name=search_term_string"}],"inLanguage":"sv-SE"},{"@type":"ImageObject","@id":"https:\/\/bock-schroeder.de\/exempel\/#primaryimage","inLanguage":"sv-SE","url":"","contentUrl":""},{"@type":"WebPage","@id":"https:\/\/bock-schroeder.de\/exempel\/#webpage","url":"https:\/\/bock-schroeder.de\/exempel\/","name":"Exempel - Bock-Schr\u00f6der Kommunikation","isPartOf":{"@id":"https:\/\/bock-schroeder.de\/#website"},"primaryImageOfPage":{"@id":"https:\/\/bock-schroeder.de\/exempel\/#primaryimage"},"datePublished":"2020-05-06T11:48:03+00:00","dateModified":"2020-10-28T10:40:15+00:00","description":"Inspirera, marknadsf\u00f6ra och utveckla kommunikationsstrategier f\u00f6r den tyska marknaden. H\u00e4r hittar du exempel p\u00e5 v\u00e5ra tj\u00e4nster.","breadcrumb":{"@id":"https:\/\/bock-schroeder.de\/exempel\/#breadcrumb"},"inLanguage":"sv-SE","potentialAction":[{"@type":"ReadAction","target":["https:\/\/bock-schroeder.de\/exempel\/"]}]},{"@type":"BreadcrumbList","@id":"https:\/\/bock-schroeder.de\/exempel\/#breadcrumb","itemListElement":[{"@type":"ListItem","position":1,"name":"Startseite","item":"https:\/\/bock-schroeder.de\/sv\/"},{"@type":"ListItem","position":2,"name":"Exempel"}]}]}},"_links":{"self":[{"href":"https:\/\/bock-schroeder.de\/sv\/wp-json\/wp\/v2\/pages\/124"}],"collection":[{"href":"https:\/\/bock-schroeder.de\/sv\/wp-json\/wp\/v2\/pages"}],"about":[{"href":"https:\/\/bock-schroeder.de\/sv\/wp-json\/wp\/v2\/types\/page"}],"author":[{"embeddable":true,"href":"https:\/\/bock-schroeder.de\/sv\/wp-json\/wp\/v2\/users\/1"}],"replies":[{"embeddable":true,"href":"https:\/\/bock-schroeder.de\/sv\/wp-json\/wp\/v2\/comments?post=124"}],"version-history":[{"count":3,"href":"https:\/\/bock-schroeder.de\/sv\/wp-json\/wp\/v2\/pages\/124\/revisions"}],"predecessor-version":[{"id":940,"href":"https:\/\/bock-schroeder.de\/sv\/wp-json\/wp\/v2\/pages\/124\/revisions\/940"}],"wp:attachment":[{"href":"https:\/\/bock-schroeder.de\/sv\/wp-json\/wp\/v2\/media?parent=124"}],"curies":[{"name":"wp","href":"https:\/\/api.w.org\/{rel}","templated":true}]}}