{"id":41,"date":"2020-04-30T13:51:31","date_gmt":"2020-04-30T11:51:31","guid":{"rendered":"http:\/\/test.bock-schroeder.de\/bock-schroeder-pr\/"},"modified":"2025-02-18T21:51:16","modified_gmt":"2025-02-18T20:51:16","slug":"bock-schroeder-pr","status":"publish","type":"page","link":"https:\/\/bock-schroeder.de\/sv\/","title":{"rendered":"Bock-Schr\u00f6der Kommunikation"},"content":{"rendered":"[vc_row][vc_column]<div class=\"wpex-slider-preloaderimg\"><img width=\"1540\" height=\"620\" src=\"https:\/\/bock-schroeder.de\/wp-content\/uploads\/2020\/05\/header1_IMG_0135_FIN.jpg\" class=\"skip-lazy\" alt=\"\" data-no-lazy=\"1\" srcset=\"https:\/\/bock-schroeder.de\/wp-content\/uploads\/2020\/05\/header1_IMG_0135_FIN.jpg 1540w, https:\/\/bock-schroeder.de\/wp-content\/uploads\/2020\/05\/header1_IMG_0135_FIN-300x121.jpg 300w, https:\/\/bock-schroeder.de\/wp-content\/uploads\/2020\/05\/header1_IMG_0135_FIN-1024x412.jpg 1024w, https:\/\/bock-schroeder.de\/wp-content\/uploads\/2020\/05\/header1_IMG_0135_FIN-768x309.jpg 768w, https:\/\/bock-schroeder.de\/wp-content\/uploads\/2020\/05\/header1_IMG_0135_FIN-1536x618.jpg 1536w\" sizes=\"(max-width: 1540px) 100vw, 1540px\" \/><\/div><div class=\"vcex-module wpex-slider slider-pro vcex-image-slider wpex-clr\" data-auto-play-delay=\"5000\" data-animation-speed=\"600\" data-height-animation-duration=\"500\" data-thumbnail-height=\"70\" data-thumbnail-width=\"70\"><div class=\"wpex-slider-slides sp-slides\"><div class=\"wpex-slider-slide sp-slide\"><div class=\"wpex-slider-media\"><img width=\"1540\" height=\"620\" src=\"https:\/\/bock-schroeder.de\/wp-content\/uploads\/2020\/05\/header1_IMG_0135_FIN.jpg\" class=\"skip-lazy\" alt=\"\" data-no-lazy=\"1\" srcset=\"https:\/\/bock-schroeder.de\/wp-content\/uploads\/2020\/05\/header1_IMG_0135_FIN.jpg 1540w, https:\/\/bock-schroeder.de\/wp-content\/uploads\/2020\/05\/header1_IMG_0135_FIN-300x121.jpg 300w, https:\/\/bock-schroeder.de\/wp-content\/uploads\/2020\/05\/header1_IMG_0135_FIN-1024x412.jpg 1024w, https:\/\/bock-schroeder.de\/wp-content\/uploads\/2020\/05\/header1_IMG_0135_FIN-768x309.jpg 768w, https:\/\/bock-schroeder.de\/wp-content\/uploads\/2020\/05\/header1_IMG_0135_FIN-1536x618.jpg 1536w\" sizes=\"(max-width: 1540px) 100vw, 1540px\" \/><\/div><\/div><div class=\"wpex-slider-slide sp-slide\"><div class=\"wpex-slider-media\"><img width=\"1540\" height=\"620\" src=\"https:\/\/bock-schroeder.de\/wp-content\/uploads\/2020\/05\/header3_IMG_0617_SE.jpg\" class=\"skip-lazy\" alt=\"\" data-no-lazy=\"1\" srcset=\"https:\/\/bock-schroeder.de\/wp-content\/uploads\/2020\/05\/header3_IMG_0617_SE.jpg 1540w, https:\/\/bock-schroeder.de\/wp-content\/uploads\/2020\/05\/header3_IMG_0617_SE-300x121.jpg 300w, https:\/\/bock-schroeder.de\/wp-content\/uploads\/2020\/05\/header3_IMG_0617_SE-1024x412.jpg 1024w, https:\/\/bock-schroeder.de\/wp-content\/uploads\/2020\/05\/header3_IMG_0617_SE-768x309.jpg 768w, https:\/\/bock-schroeder.de\/wp-content\/uploads\/2020\/05\/header3_IMG_0617_SE-1536x618.jpg 1536w\" sizes=\"(max-width: 1540px) 100vw, 1540px\" \/><\/div><\/div><\/div><\/div>[\/vc_column][\/vc_row][vc_row][vc_column]<h1 class=\"vcex-heading vcex-module wpex-text-2xl wpex-font-normal wpex-m-auto wpex-max-w-100 vcex-heading-plain wpex-block\"><span class=\"vcex-heading-inner wpex-inline-block wpex-clr\">V\u00e4lkommen!<\/span><\/h1><div class=\"vcex-spacing wpex-w-100 wpex-clear\" style=\"height:30px\"><\/div><h2 class=\"vcex-heading vcex-module wpex-text-2xl wpex-font-normal wpex-m-auto wpex-max-w-100 vcex-heading-plain wpex-block\"><span class=\"vcex-heading-inner wpex-inline-block wpex-clr\">H\u00e4r handlar allt om turism, marknadsf\u00f6ring och kommunikation<\/span><\/h2>[vc_column_text]Bock-Schr\u00f6der Kommunikation \u00e4r specialisten f\u00f6r turism-marknadsf\u00f6ring och kommunikation p\u00e5 de tyskspr\u00e5kiga marknaderna Tyskland, \u00d6sterrike och Schweiz. I mer \u00e4n 30 \u00e5r har Birgit Bock-Schr\u00f6der varit verksam i de nordiska l\u00e4nderna och i Tyskland.[\/vc_column_text][vc_single_image image=&#8221;228&#8243; img_size=&#8221;medium&#8221;][vc_column_text][\/vc_column_text]<div class=\"vcex-spacing wpex-w-100 wpex-clear\" style=\"height:30px\"><\/div><h2 class=\"vcex-heading vcex-module wpex-text-2xl wpex-font-normal wpex-m-auto wpex-max-w-100 vcex-heading-plain wpex-block\"><span class=\"vcex-heading-inner wpex-inline-block wpex-clr\">Vilken nytta kan ditt f\u00f6retag ha av Bock-Schr\u00f6der Kommunikation?<\/span><\/h2>[vc_column_text]Jag erbjuder tj\u00e4nster i stor och liten skala &#8211; allt fr\u00e5n en <strong>\u00f6vers\u00e4ttning <\/strong>till tyska till support inom <strong>PR <\/strong>och bearbetning av <strong>tyska media<\/strong> eller ocks\u00e5 framtagning av en ny <strong>strategi<\/strong> f\u00f6r <strong>kommunikation<\/strong> och <strong>marknadsf\u00f6ring<\/strong> av ditt varum\u00e4rke eller dina produkter p\u00e5 den tyska marknaden.[\/vc_column_text][vc_btn title=&#8221;L\u00e4s mer h\u00e4r!&#8221; color=&#8221;peacoc&#8221; size=&#8221;sm&#8221; link=&#8221;url:https%3A%2F%2Fbock-schroeder.de%2Fsv%2Fvara-tjanster%2F|title:Tj%C3%A4nster|&#8221;]<div class=\"vcex-spacing wpex-w-100 wpex-clear\" style=\"height:30px\"><\/div><div class=\"vcex-spacing wpex-w-100 wpex-clear\" style=\"height:30px\"><\/div>[\/vc_column][\/vc_row][vc_row visibility=&#8221;hidden&#8221;][vc_column]<div class=\"templatera_shortcode\"><div class=\"vc_row wpb_row vc_row-fluid\"><div class=\"wpb_column vc_column_container vc_col-sm-12\"><div class=\"vc_column-inner\"><div class=\"wpb_wrapper\"><div class=\"vcex-module vcex-divider-dots wpex-mr-auto wpex-ml-auto wpex-last-mr-0 textcenter\"><span class=\"wpex-inline-block wpex-round wpex-bg-accent wpex-mr-10\" style=\"background:#009fa8;\"><\/span><span class=\"wpex-inline-block wpex-round wpex-bg-accent wpex-mr-10\" style=\"background:#009fa8;\"><\/span><span class=\"wpex-inline-block wpex-round wpex-bg-accent wpex-mr-10\" style=\"background:#009fa8;\"><\/span><\/div><\/div><\/div><\/div><\/div><\/div>[vc_column_text]\n<h1>Und das alles gibt es auch auf Schwedisch:<\/h1>\n[\/vc_column_text][\/vc_column][\/vc_row][vc_row visibility=&#8221;hidden&#8221;][vc_column width=&#8221;1\/4&#8243;]<figure class=\"vcex-image vcex-module wpex-clr\"><div class=\"vcex-image-inner wpex-relative wpex-inline-block\"><img loading=\"lazy\" class=\"wpex-align-middle\" src=\"https:\/\/bock-schroeder.de\/wp-content\/uploads\/2020\/05\/SWE_flagge_bbs-1-210x110.jpg\" alt=\"\" width=\"210\" height=\"110\" \/><\/div><\/figure>[vc_column_text]H\u00e4r f\u00e5r du veta mer om mig och mitt arbete inom turism, marknadsf\u00f6ring och kommunikation p\u00e5 svenska.[\/vc_column_text][vc_btn title=&#8221;Svenska&#8221; color=&#8221;peacoc&#8221; link=&#8221;url:%2Fsv%2F|&#8221;][\/vc_column][vc_column visibility=&#8221;hidden&#8221; width=&#8221;1\/4&#8243;]<figure class=\"vcex-image vcex-module wpex-clr\"><div class=\"vcex-image-inner wpex-relative wpex-inline-block\"><img loading=\"lazy\" class=\"wpex-align-middle\" src=\"https:\/\/bock-schroeder.de\/wp-content\/uploads\/2020\/05\/ENG_flagge_IMG_5306_bbs-210x110.jpg\" alt=\"\" width=\"210\" height=\"110\" \/><\/div><\/figure>[vc_column_text]Here you will find out more about me and my work in tourism, marketing and communication in english.[\/vc_column_text][vc_btn title=&#8221;English&#8221; color=&#8221;peacoc&#8221; link=&#8221;url:%2Fen%2F|&#8221;][\/vc_column][vc_column visibility=&#8221;hidden&#8221; width=&#8221;1\/4&#8243;]<figure class=\"vcex-image vcex-module wpex-clr\"><div class=\"vcex-image-inner wpex-relative wpex-inline-block\"><img loading=\"lazy\" class=\"wpex-align-middle\" src=\"https:\/\/bock-schroeder.de\/wp-content\/uploads\/2020\/05\/FINlandflagge_bbs-1-210x110.jpg\" alt=\"\" width=\"210\" height=\"110\" \/><\/div><\/figure>[vc_column_text]T\u00e4\u00e4lt\u00e4 l\u00f6yd\u00e4t lis\u00e4tietoja minusta ja ty\u00f6st\u00e4ni matkailualan, markkinoinnin ja viestinn\u00e4n suhteen <a href=\"\/en\/\">englanniksi<\/a> tai <a href=\"\/sv\/\">ruotsiksi<\/a>. Valitettavasti suomen kieleni ei riit\u00e4.[\/vc_column_text][vc_btn title=&#8221;Suomalainen&#8221; color=&#8221;peacoc&#8221; link=&#8221;url:%2Ffi%2F|&#8221;][\/vc_column][vc_column visibility=&#8221;hidden&#8221; width=&#8221;1\/4&#8243;]<figure class=\"vcex-image vcex-module wpex-clr\"><div class=\"vcex-image-inner wpex-relative wpex-inline-block\"><img loading=\"lazy\" class=\"wpex-align-middle\" src=\"https:\/\/bock-schroeder.de\/wp-content\/uploads\/2020\/05\/NOflagge_IMG_1950_bbs-210x110.jpg\" alt=\"\" width=\"210\" height=\"110\" \/><\/div><\/figure>[vc_column_text]Her vil du finne ut mer om meg og mitt arbeid innen turisme, markedsf\u00f8ring og kommunikasjon p\u00e5 norsk.[\/vc_column_text][vc_btn title=&#8221;Norsk&#8221; color=&#8221;peacoc&#8221; link=&#8221;url:%2Fno%2F|&#8221;][\/vc_column][\/vc_row][vc_row][vc_column]<div class=\"templatera_shortcode\"><div class=\"vc_row wpb_row vc_row-fluid\"><div class=\"wpb_column vc_column_container vc_col-sm-12\"><div class=\"vc_column-inner\"><div class=\"wpb_wrapper\"><div class=\"vcex-module vcex-divider-dots wpex-mr-auto wpex-ml-auto wpex-last-mr-0 textcenter\"><span class=\"wpex-inline-block wpex-round wpex-bg-accent wpex-mr-10\" style=\"background:#009fa8;\"><\/span><span class=\"wpex-inline-block wpex-round wpex-bg-accent wpex-mr-10\" style=\"background:#009fa8;\"><\/span><span class=\"wpex-inline-block wpex-round wpex-bg-accent wpex-mr-10\" style=\"background:#009fa8;\"><\/span><\/div><\/div><\/div><\/div><\/div><\/div><h2 class=\"vcex-heading vcex-module wpex-text-2xl wpex-font-normal wpex-m-auto wpex-max-w-100 vcex-heading-plain wpex-block\"><span class=\"vcex-heading-inner wpex-inline-block wpex-clr\">Senaste nyheter fr\u00e5n den tyska marknaden<\/span><\/h2>[\/vc_column][\/vc_row][vc_row][vc_column][vc_basic_grid post_type=&#8221;post&#8221; max_items=&#8221;3&#8243; grid_id=&#8221;vc_gid:1739911732839-2046fdac-14f7-8&#8243; taxonomies=&#8221;30&#8243;][\/vc_column][\/vc_row]\n","protected":false},"excerpt":{"rendered":"","protected":false},"author":1,"featured_media":0,"parent":0,"menu_order":0,"comment_status":"closed","ping_status":"closed","template":"templates\/full-screen.php","meta":[],"yoast_head":"<!-- This site is optimized with the Yoast SEO plugin v17.0 - https:\/\/yoast.com\/wordpress\/plugins\/seo\/ -->\n<title>Bock-Schr\u00f6der Kommunikation - Bock-Schr\u00f6der Kommunikation<\/title>\n<meta name=\"description\" content=\"Turism, marknadsf\u00f6ring och kommunikation f\u00f6r nordiska f\u00f6retag och organisationer med fokus p\u00e5 den tyska marknaden. Nyheter fr\u00e5n den tyska marknaden f\u00f6r turismproffs i Norden.\" \/>\n<meta name=\"robots\" content=\"index, follow, max-snippet:-1, max-image-preview:large, max-video-preview:-1\" \/>\n<link rel=\"canonical\" href=\"https:\/\/bock-schroeder.de\/sv\/\" \/>\n<meta property=\"og:locale\" content=\"sv_SE\" \/>\n<meta property=\"og:type\" content=\"article\" \/>\n<meta property=\"og:title\" content=\"Bock-Schr\u00f6der Kommunikation - Bock-Schr\u00f6der Kommunikation\" \/>\n<meta property=\"og:description\" content=\"Turism, marknadsf\u00f6ring och kommunikation f\u00f6r nordiska f\u00f6retag och organisationer med fokus p\u00e5 den tyska marknaden. Nyheter fr\u00e5n den tyska marknaden f\u00f6r turismproffs i Norden.\" \/>\n<meta property=\"og:url\" content=\"https:\/\/bock-schroeder.de\/sv\/\" \/>\n<meta property=\"og:site_name\" content=\"Bock-Schr\u00f6der Kommunikation\" \/>\n<meta property=\"article:modified_time\" content=\"2025-02-18T20:51:16+00:00\" \/>\n<meta property=\"og:image\" content=\"https:\/\/bock-schroeder.de\/wp-content\/uploads\/2020\/12\/Header_Profilbild_Facebook_Logo_870x350px.jpg\" \/>\n<meta name=\"twitter:card\" content=\"summary_large_image\" \/>\n<meta name=\"twitter:label1\" content=\"Ber\u00e4knad l\u00e4stid\" \/>\n\t<meta name=\"twitter:data1\" content=\"2 minuter\" \/>\n<script type=\"application\/ld+json\" class=\"yoast-schema-graph\">{\"@context\":\"https:\/\/schema.org\",\"@graph\":[{\"@type\":\"WebSite\",\"@id\":\"https:\/\/bock-schroeder.de\/#website\",\"url\":\"https:\/\/bock-schroeder.de\/\",\"name\":\"Bock-Schr\\u00f6der Kommunikation\",\"description\":\"Tourismus, Marketing und Kommunikation mit einem Fokus auf Nordeuropa\",\"potentialAction\":[{\"@type\":\"SearchAction\",\"target\":{\"@type\":\"EntryPoint\",\"urlTemplate\":\"https:\/\/bock-schroeder.de\/?s={search_term_string}\"},\"query-input\":\"required name=search_term_string\"}],\"inLanguage\":\"sv-SE\"},{\"@type\":\"ImageObject\",\"@id\":\"https:\/\/bock-schroeder.de\/sv\/#primaryimage\",\"inLanguage\":\"sv-SE\",\"url\":\"https:\/\/bock-schroeder.de\/wp-content\/uploads\/2020\/05\/NOflagge_IMG_1950_bbs.jpg\",\"contentUrl\":\"https:\/\/bock-schroeder.de\/wp-content\/uploads\/2020\/05\/NOflagge_IMG_1950_bbs.jpg\",\"width\":2511,\"height\":1798},{\"@type\":\"WebPage\",\"@id\":\"https:\/\/bock-schroeder.de\/sv\/#webpage\",\"url\":\"https:\/\/bock-schroeder.de\/sv\/\",\"name\":\"Bock-Schr\\u00f6der Kommunikation - Bock-Schr\\u00f6der Kommunikation\",\"isPartOf\":{\"@id\":\"https:\/\/bock-schroeder.de\/#website\"},\"datePublished\":\"2020-04-30T11:51:31+00:00\",\"dateModified\":\"2025-02-18T20:51:16+00:00\",\"description\":\"Turism, marknadsf\\u00f6ring och kommunikation f\\u00f6r nordiska f\\u00f6retag och organisationer med fokus p\\u00e5 den tyska marknaden. Nyheter fr\\u00e5n den tyska marknaden f\\u00f6r turismproffs i Norden.\",\"breadcrumb\":{\"@id\":\"https:\/\/bock-schroeder.de\/sv\/#breadcrumb\"},\"inLanguage\":\"sv-SE\",\"potentialAction\":[{\"@type\":\"ReadAction\",\"target\":[\"https:\/\/bock-schroeder.de\/sv\/\"]}]},{\"@type\":\"BreadcrumbList\",\"@id\":\"https:\/\/bock-schroeder.de\/sv\/#breadcrumb\",\"itemListElement\":[{\"@type\":\"ListItem\",\"position\":1,\"name\":\"Startseite\",\"item\":\"https:\/\/bock-schroeder.de\/sv\/\"},{\"@type\":\"ListItem\",\"position\":2,\"name\":\"Bock-Schr\\u00f6der Kommunikation\"}]}]}<\/script>\n<!-- \/ Yoast SEO plugin. -->","yoast_head_json":{"title":"Bock-Schr\u00f6der Kommunikation - Bock-Schr\u00f6der Kommunikation","description":"Turism, marknadsf\u00f6ring och kommunikation f\u00f6r nordiska f\u00f6retag och organisationer med fokus p\u00e5 den tyska marknaden. Nyheter fr\u00e5n den tyska marknaden f\u00f6r turismproffs i Norden.","robots":{"index":"index","follow":"follow","max-snippet":"max-snippet:-1","max-image-preview":"max-image-preview:large","max-video-preview":"max-video-preview:-1"},"canonical":"https:\/\/bock-schroeder.de\/sv\/","og_locale":"sv_SE","og_type":"article","og_title":"Bock-Schr\u00f6der Kommunikation - Bock-Schr\u00f6der Kommunikation","og_description":"Turism, marknadsf\u00f6ring och kommunikation f\u00f6r nordiska f\u00f6retag och organisationer med fokus p\u00e5 den tyska marknaden. Nyheter fr\u00e5n den tyska marknaden f\u00f6r turismproffs i Norden.","og_url":"https:\/\/bock-schroeder.de\/sv\/","og_site_name":"Bock-Schr\u00f6der Kommunikation","article_modified_time":"2025-02-18T20:51:16+00:00","og_image":[{"url":"https:\/\/bock-schroeder.de\/wp-content\/uploads\/2020\/12\/Header_Profilbild_Facebook_Logo_870x350px.jpg"}],"twitter_card":"summary_large_image","twitter_misc":{"Ber\u00e4knad l\u00e4stid":"2 minuter"},"schema":{"@context":"https:\/\/schema.org","@graph":[{"@type":"WebSite","@id":"https:\/\/bock-schroeder.de\/#website","url":"https:\/\/bock-schroeder.de\/","name":"Bock-Schr\u00f6der Kommunikation","description":"Tourismus, Marketing und Kommunikation mit einem Fokus auf Nordeuropa","potentialAction":[{"@type":"SearchAction","target":{"@type":"EntryPoint","urlTemplate":"https:\/\/bock-schroeder.de\/?s={search_term_string}"},"query-input":"required name=search_term_string"}],"inLanguage":"sv-SE"},{"@type":"ImageObject","@id":"https:\/\/bock-schroeder.de\/sv\/#primaryimage","inLanguage":"sv-SE","url":"https:\/\/bock-schroeder.de\/wp-content\/uploads\/2020\/05\/NOflagge_IMG_1950_bbs.jpg","contentUrl":"https:\/\/bock-schroeder.de\/wp-content\/uploads\/2020\/05\/NOflagge_IMG_1950_bbs.jpg","width":2511,"height":1798},{"@type":"WebPage","@id":"https:\/\/bock-schroeder.de\/sv\/#webpage","url":"https:\/\/bock-schroeder.de\/sv\/","name":"Bock-Schr\u00f6der Kommunikation - Bock-Schr\u00f6der Kommunikation","isPartOf":{"@id":"https:\/\/bock-schroeder.de\/#website"},"datePublished":"2020-04-30T11:51:31+00:00","dateModified":"2025-02-18T20:51:16+00:00","description":"Turism, marknadsf\u00f6ring och kommunikation f\u00f6r nordiska f\u00f6retag och organisationer med fokus p\u00e5 den tyska marknaden. Nyheter fr\u00e5n den tyska marknaden f\u00f6r turismproffs i Norden.","breadcrumb":{"@id":"https:\/\/bock-schroeder.de\/sv\/#breadcrumb"},"inLanguage":"sv-SE","potentialAction":[{"@type":"ReadAction","target":["https:\/\/bock-schroeder.de\/sv\/"]}]},{"@type":"BreadcrumbList","@id":"https:\/\/bock-schroeder.de\/sv\/#breadcrumb","itemListElement":[{"@type":"ListItem","position":1,"name":"Startseite","item":"https:\/\/bock-schroeder.de\/sv\/"},{"@type":"ListItem","position":2,"name":"Bock-Schr\u00f6der Kommunikation"}]}]}},"_links":{"self":[{"href":"https:\/\/bock-schroeder.de\/sv\/wp-json\/wp\/v2\/pages\/41"}],"collection":[{"href":"https:\/\/bock-schroeder.de\/sv\/wp-json\/wp\/v2\/pages"}],"about":[{"href":"https:\/\/bock-schroeder.de\/sv\/wp-json\/wp\/v2\/types\/page"}],"author":[{"embeddable":true,"href":"https:\/\/bock-schroeder.de\/sv\/wp-json\/wp\/v2\/users\/1"}],"replies":[{"embeddable":true,"href":"https:\/\/bock-schroeder.de\/sv\/wp-json\/wp\/v2\/comments?post=41"}],"version-history":[{"count":43,"href":"https:\/\/bock-schroeder.de\/sv\/wp-json\/wp\/v2\/pages\/41\/revisions"}],"predecessor-version":[{"id":1704,"href":"https:\/\/bock-schroeder.de\/sv\/wp-json\/wp\/v2\/pages\/41\/revisions\/1704"}],"wp:attachment":[{"href":"https:\/\/bock-schroeder.de\/sv\/wp-json\/wp\/v2\/media?parent=41"}],"curies":[{"name":"wp","href":"https:\/\/api.w.org\/{rel}","templated":true}]}}