{"id":54,"date":"2020-04-30T15:12:02","date_gmt":"2020-04-30T13:12:02","guid":{"rendered":"http:\/\/test.bock-schroeder.de\/?page_id=54"},"modified":"2020-10-27T23:47:53","modified_gmt":"2020-10-27T22:47:53","slug":"vara-tjanster","status":"publish","type":"page","link":"https:\/\/bock-schroeder.de\/sv\/vara-tjanster\/","title":{"rendered":"V\u00e5ra tj\u00e4nster"},"content":{"rendered":"[vc_row]\n[vc_column]\n<div class=\"templatera_shortcode\"><div class=\"vc_row wpb_row vc_row-fluid\"><div class=\"wpb_column vc_column_container vc_col-sm-12\"><div class=\"vc_column-inner\"><div class=\"wpb_wrapper\"><h1 class=\"vcex-heading vcex-module wpex-text-2xl wpex-font-normal wpex-m-auto wpex-max-w-100 vcex-heading-plain wpex-block\" style=\"color:#009fa8;\"><span class=\"vcex-heading-inner wpex-inline-block wpex-clr\">Seitentitel \u00dcberschrift<\/span><\/h1><\/div><\/div><\/div><\/div><\/div>\n[\/vc_column]\n[\/vc_row][vc_row]\n[vc_column]<div class=\"wpex-slider-preloaderimg\"><img width=\"1600\" height=\"840\" src=\"https:\/\/bock-schroeder.de\/wp-content\/uploads\/2020\/09\/HEADER_mit_Logo_LEISTUNGEN_1600x840.jpg\" class=\"skip-lazy\" alt=\"\" data-no-lazy=\"1\" srcset=\"https:\/\/bock-schroeder.de\/wp-content\/uploads\/2020\/09\/HEADER_mit_Logo_LEISTUNGEN_1600x840.jpg 1600w, https:\/\/bock-schroeder.de\/wp-content\/uploads\/2020\/09\/HEADER_mit_Logo_LEISTUNGEN_1600x840-300x158.jpg 300w, https:\/\/bock-schroeder.de\/wp-content\/uploads\/2020\/09\/HEADER_mit_Logo_LEISTUNGEN_1600x840-1024x538.jpg 1024w, https:\/\/bock-schroeder.de\/wp-content\/uploads\/2020\/09\/HEADER_mit_Logo_LEISTUNGEN_1600x840-768x403.jpg 768w, https:\/\/bock-schroeder.de\/wp-content\/uploads\/2020\/09\/HEADER_mit_Logo_LEISTUNGEN_1600x840-1536x806.jpg 1536w\" sizes=\"(max-width: 1600px) 100vw, 1600px\" \/><\/div><div class=\"vcex-module wpex-slider slider-pro vcex-image-slider wpex-clr\" data-auto-play-delay=\"5000\" data-animation-speed=\"600\" data-height-animation-duration=\"500\" data-thumbnail-height=\"70\" data-thumbnail-width=\"70\"><div class=\"wpex-slider-slides sp-slides\"><div class=\"wpex-slider-slide sp-slide\"><div class=\"wpex-slider-media\"><img width=\"1600\" height=\"840\" src=\"https:\/\/bock-schroeder.de\/wp-content\/uploads\/2020\/09\/HEADER_mit_Logo_LEISTUNGEN_1600x840.jpg\" class=\"skip-lazy\" alt=\"\" data-no-lazy=\"1\" srcset=\"https:\/\/bock-schroeder.de\/wp-content\/uploads\/2020\/09\/HEADER_mit_Logo_LEISTUNGEN_1600x840.jpg 1600w, https:\/\/bock-schroeder.de\/wp-content\/uploads\/2020\/09\/HEADER_mit_Logo_LEISTUNGEN_1600x840-300x158.jpg 300w, https:\/\/bock-schroeder.de\/wp-content\/uploads\/2020\/09\/HEADER_mit_Logo_LEISTUNGEN_1600x840-1024x538.jpg 1024w, https:\/\/bock-schroeder.de\/wp-content\/uploads\/2020\/09\/HEADER_mit_Logo_LEISTUNGEN_1600x840-768x403.jpg 768w, https:\/\/bock-schroeder.de\/wp-content\/uploads\/2020\/09\/HEADER_mit_Logo_LEISTUNGEN_1600x840-1536x806.jpg 1536w\" sizes=\"(max-width: 1600px) 100vw, 1600px\" \/><\/div><\/div><\/div><\/div>[\/vc_column]\n[\/vc_row][vc_row]\n[vc_column]<h1 class=\"vcex-heading vcex-module wpex-text-2xl wpex-font-normal wpex-m-auto wpex-max-w-100 vcex-heading-plain wpex-block\"><span class=\"vcex-heading-inner wpex-inline-block wpex-clr\">Vilken nytta kan du dra av ett samarbete med Bock-Schr\u00f6der Kommunikation?<\/span><\/h1>[\/vc_column]\n[\/vc_row][vc_row]\n[vc_column][vc_column_text]\n<p><strong>Du jobbar i turistbranschen och \u00e4r intresserad i nya impulser f\u00f6r marknadsf\u00f6ringen gentemot tysktalande kunder? Dina plattformar i webben skulle beh\u00f6va en frisk fl\u00e4kt? L\u00e5t mig ber\u00e4tta din verksamhets story ur ett nytt perspektiv \u2013 f\u00f6r m\u00f6jliga nya kunder i Tyskland, \u00d6sterrike och Schweiz, f\u00f6r media eller \u00e5terf\u00f6rs\u00e4ljare.<\/strong><\/p>\n<p>&nbsp;<\/p>\n<p>Jag tittar p\u00e5 din verksamhet ur ett annat perspektiv och \u00f6ppnar nya kapitel i din verksamhets kommunikation \u2013 f\u00f6r att \u00f6ka dragningskraften av din destination eller ditt varum\u00e4rke, ditt f\u00f6retag eller ocks\u00e5 dina produkter.<\/p>\n[\/vc_column_text][\/vc_column]\n[\/vc_row][vc_row]\n[vc_column]<div class=\"vcex-heading vcex-module wpex-text-2xl wpex-font-normal wpex-m-auto wpex-max-w-100 vcex-heading-plain wpex-block\"><span class=\"vcex-heading-inner wpex-inline-block wpex-clr\">PR, Social Media, Web \u2013 eller hela kommunikationsmixen!<\/span><\/div>[\/vc_column]\n[\/vc_row][vc_row]\n[vc_column][vc_column_text]\n<p>Det finns o\u00e4ndligt m\u00e5nga kanaler f\u00f6r att presentera och positionera en destination, ett f\u00f6retag, ett varum\u00e4rke eller en produkt. L\u00e5t oss gemensamt identifiera och anv\u00e4nda kanalerna som \u00e4r de b\u00e4sta och mest effektiva f\u00f6r att n\u00e5 de uppsatta m\u00e5len.<\/p>\n<p>&nbsp;<\/p>\n<p>Jag ger din websida ett nytt sv\u00e4ng med ny content p\u00e5 tyska. Jag st\u00e4ller verktyg till f\u00f6rfogandet f\u00f6r mer och b\u00e4ttre kundkontakt p\u00e5 tyska. Jag skapar intresse hos media genom seri\u00f6s och professionell kommunikation p\u00e5 journalisternas f\u00f6ruts\u00e4ttningar.<\/p>\n[\/vc_column_text][\/vc_column]\n[\/vc_row][vc_row]\n[vc_column]<div class=\"vcex-heading vcex-module wpex-text-2xl wpex-font-normal wpex-m-auto wpex-max-w-100 vcex-heading-plain wpex-block\"><span class=\"vcex-heading-inner wpex-inline-block wpex-clr\">Kommunicera h\u00e5llbart!<\/span><\/div>[\/vc_column]\n[\/vc_row][vc_row]\n[vc_column][vc_column_text]\n<p>En rej\u00e4l utarbetat kommunikationsstrategi \u00e4r till stor nytta f\u00f6r att framkalla en h\u00e5llbar efterfr\u00e5ga. Kommunikationsstrategin definierar m\u00e5l och ger orientering f\u00f6r val av kanaler och verktyg p\u00e5 v\u00e4gen till m\u00e5let. Jag hj\u00e4lper till att ta fram en kommunikationsstrategi f\u00f6r din verksamhet p\u00e5 de tyskspr\u00e5kiga marknaderna.<\/p>\n[\/vc_column_text][\/vc_column]\n[\/vc_row][vc_row]\n[vc_column]\n<div class=\"vcex-module vcex-divider-dots wpex-mr-auto wpex-ml-auto wpex-last-mr-0 textcenter\"><span class=\"wpex-inline-block wpex-round wpex-bg-accent wpex-mr-10\" style=\"background:#009fa8;\"><\/span><span class=\"wpex-inline-block wpex-round wpex-bg-accent wpex-mr-10\" style=\"background:#009fa8;\"><\/span><span class=\"wpex-inline-block wpex-round wpex-bg-accent wpex-mr-10\" style=\"background:#009fa8;\"><\/span><\/div>\n[\/vc_column]\n[\/vc_row][vc_row]\n[vc_column]<div class=\"vcex-heading vcex-module wpex-text-2xl wpex-font-normal wpex-m-auto wpex-max-w-100 vcex-heading-plain wpex-block\"><span class=\"vcex-heading-inner wpex-inline-block wpex-clr\">Bock-Schr\u00f6der Kommunikation erbjuder tj\u00e4nster inom:<\/span><\/div>[\/vc_column]\n[\/vc_row][vc_row]\n[vc_column][vc_column_text]\n<ul>\n<li>Strategisk kommunikation<\/li>\n<li>Omv\u00e4rlds-, marknads- och m\u00e5lgruppsanalys<\/li>\n<li>Benchmarkanalys<\/li>\n<li>Corporate kommunikation<\/li>\n<li>Content-marknadsf\u00f6ring<\/li>\n<li>Content-produktion<\/li>\n<li>Newsletter-marknadsf\u00f6ring (B2B och B2C)<\/li>\n<li>PR \u2013 Public Relations<\/li>\n<li>Storytelling<\/li>\n<li>Mediaservice<\/li>\n<li>p\u00e5 de tyskspr\u00e5kiga marknaderna Tyskland, \u00d6sterrike, Schweiz<\/li>\n<\/ul>\n[\/vc_column_text][\/vc_column]\n[\/vc_row][vc_row]\n[vc_column][vc_btn title=&#8221;Exempel&#8221; link=&#8221;url:https%3A%2F%2Fbock-schroeder.de%2Fsv%2Fexempel-2%2F|title:Exempel|&#8221;][\/vc_column]\n[\/vc_row][vc_row]\n[vc_column]\n<div class=\"vcex-module vcex-divider-dots wpex-mr-auto wpex-ml-auto wpex-last-mr-0 textcenter\"><span class=\"wpex-inline-block wpex-round wpex-bg-accent wpex-mr-10\" style=\"background:#009fa8;\"><\/span><span class=\"wpex-inline-block wpex-round wpex-bg-accent wpex-mr-10\" style=\"background:#009fa8;\"><\/span><span class=\"wpex-inline-block wpex-round wpex-bg-accent wpex-mr-10\" style=\"background:#009fa8;\"><\/span><\/div>\n[\/vc_column]\n[\/vc_row][vc_row]\n[vc_column]<div class=\"vcex-heading vcex-module wpex-text-2xl wpex-font-normal wpex-m-auto wpex-max-w-100 vcex-heading-plain wpex-block\"><span class=\"vcex-heading-inner wpex-inline-block wpex-clr\">Fr\u00e5n A till Z \u2013 med \u00c5 och \u00d8:<br \/>Copywriting, \u00f6vers\u00e4tta och f\u00f6rb\u00e4ttra texter<\/span><\/div>[\/vc_column]\n[\/vc_row][vc_row]\n[vc_column][vc_column_text]\n<p>Jag \u00f6vers\u00e4tter fr\u00e5n svenska, engelska och andra nordiska spr\u00e5k till tyska.\u00a0 Texter med marknadsf\u00f6ringssyfte \u00e4r k\u00e4nsliga. De l\u00e5ter sig inte transfereras lika l\u00e4tt som enkla vardagstexter fr\u00e5n ett spr\u00e5k till ett annat. Jag uppfattar ett \u00f6vers\u00e4ttningsuppdrag av en text med marknadsf\u00f6ringssyfte snarare som en mission att \u00f6verf\u00f6ra ursprungstextens budskap till mottagare som jo inte bara lever i en annan spr\u00e5kv\u00e4rld utan \u00e4ven i en annan kulturkrets.<\/p>\n<p><strong>Jag fr\u00e4mjar destinationers och f\u00f6retagens marknadsf\u00f6ring genom professionella texter. B\u00e5de med att ta fram helt nya texter, \u00f6vers\u00e4tta texter eller ocks\u00e5 redigera och optimera texter.<\/strong><b><br \/><\/b><\/p>\n[\/vc_column_text][\/vc_column]\n[\/vc_row][vc_row]\n[vc_column][vc_btn title=&#8221;Exempel&#8221; link=&#8221;url:https%3A%2F%2Fbock-schroeder.de%2Fsv%2Fexempel-2%2F|title:Exempel|&#8221;][\/vc_column]\n[\/vc_row][vc_row]\n[vc_column]\n<div class=\"vcex-module vcex-divider-dots wpex-mr-auto wpex-ml-auto wpex-last-mr-0 textcenter\"><span class=\"wpex-inline-block wpex-round wpex-bg-accent wpex-mr-10\" style=\"background:#009fa8;\"><\/span><span class=\"wpex-inline-block wpex-round wpex-bg-accent wpex-mr-10\" style=\"background:#009fa8;\"><\/span><span class=\"wpex-inline-block wpex-round wpex-bg-accent wpex-mr-10\" style=\"background:#009fa8;\"><\/span><\/div>\n[\/vc_column]\n[\/vc_row][vc_row]\n[vc_column][vc_cta h2=&#8221;H\u00f6r av dig!&#8221; color=&#8221;peacoc&#8221; add_button=&#8221;bottom&#8221; btn_title=&#8221;Ta kontakt!&#8221; btn_link=&#8221;url:https%3A%2F%2Fbock-schroeder.de%2Fsv%2Fkontakt%2F|title:Kontakt|target:%20_blank|&#8221;]\n<p>Du vill f\u00f6r\u00e4ndra n\u00e5nting i kommunikation och marknadsf\u00f6ring p\u00e5 den tyska marknaden, beh\u00f6ver redaktionellt support eller en kompetent \u00f6vers\u00e4ttare? H\u00f6r av dig helt enkelt och kolla in m\u00f6jligheterna.<\/p>\n[\/vc_cta][\/vc_column]\n[\/vc_row]\n","protected":false},"excerpt":{"rendered":"Seitentitel \u00dcberschriftVilken nytta kan du dra av ett samarbete med Bock-Schr\u00f6der Kommunikation? Du jobbar i turistbranschen och \u00e4r intresserad i nya impulser f\u00f6r marknadsf\u00f6ringen gentemot tysktalande kunder? Dina plattformar i webben skulle beh\u00f6va en frisk fl\u00e4kt? L\u00e5t mig ber\u00e4tta din verksamhets story ur ett nytt perspektiv \u2013 f\u00f6r m\u00f6jliga nya kunder i Tyskland, \u00d6sterrike och&hellip;","protected":false},"author":1,"featured_media":0,"parent":0,"menu_order":0,"comment_status":"closed","ping_status":"closed","template":"","meta":[],"yoast_head":"<!-- This site is optimized with the Yoast SEO plugin v17.0 - https:\/\/yoast.com\/wordpress\/plugins\/seo\/ -->\n<title>V\u00e5ra tj\u00e4nster - Bock-Schr\u00f6der Kommunikation<\/title>\n<meta name=\"description\" content=\"Bock-Schr\u00f6der Kommunikation erbjuder f\u00f6retag och organisationer i turistn\u00e4ringen tj\u00e4nster inom Content-Marketing, \u00f6vers\u00e4ttningar, PR mm med fokus p\u00e5 de tysktalande marknaderna.\" \/>\n<meta name=\"robots\" content=\"index, follow, max-snippet:-1, max-image-preview:large, max-video-preview:-1\" \/>\n<link rel=\"canonical\" href=\"https:\/\/bock-schroeder.de\/sv\/leistungen\/\" \/>\n<meta property=\"og:locale\" content=\"sv_SE\" \/>\n<meta property=\"og:type\" content=\"article\" \/>\n<meta property=\"og:title\" content=\"V\u00e5ra tj\u00e4nster - Bock-Schr\u00f6der Kommunikation\" \/>\n<meta property=\"og:description\" content=\"Bock-Schr\u00f6der Kommunikation erbjuder f\u00f6retag och organisationer i turistn\u00e4ringen tj\u00e4nster inom Content-Marketing, \u00f6vers\u00e4ttningar, PR mm med fokus p\u00e5 de tysktalande marknaderna.\" \/>\n<meta property=\"og:url\" content=\"https:\/\/bock-schroeder.de\/leistungen\/\" \/>\n<meta property=\"og:site_name\" content=\"Bock-Schr\u00f6der Kommunikation\" \/>\n<meta property=\"article:modified_time\" content=\"2020-10-27T22:47:53+00:00\" \/>\n<meta name=\"twitter:card\" content=\"summary_large_image\" \/>\n<meta name=\"twitter:label1\" content=\"Ber\u00e4knad l\u00e4stid\" \/>\n\t<meta name=\"twitter:data1\" content=\"4 minuter\" \/>\n<script type=\"application\/ld+json\" class=\"yoast-schema-graph\">{\"@context\":\"https:\/\/schema.org\",\"@graph\":[{\"@type\":\"WebSite\",\"@id\":\"https:\/\/bock-schroeder.de\/#website\",\"url\":\"https:\/\/bock-schroeder.de\/\",\"name\":\"Bock-Schr\\u00f6der Kommunikation\",\"description\":\"Tourismus, Marketing und Kommunikation mit einem Fokus auf Nordeuropa\",\"potentialAction\":[{\"@type\":\"SearchAction\",\"target\":{\"@type\":\"EntryPoint\",\"urlTemplate\":\"https:\/\/bock-schroeder.de\/?s={search_term_string}\"},\"query-input\":\"required name=search_term_string\"}],\"inLanguage\":\"sv-SE\"},{\"@type\":\"WebPage\",\"@id\":\"https:\/\/bock-schroeder.de\/leistungen\/#webpage\",\"url\":\"https:\/\/bock-schroeder.de\/leistungen\/\",\"name\":\"V\\u00e5ra tj\\u00e4nster - Bock-Schr\\u00f6der Kommunikation\",\"isPartOf\":{\"@id\":\"https:\/\/bock-schroeder.de\/#website\"},\"datePublished\":\"2020-04-30T13:12:02+00:00\",\"dateModified\":\"2020-10-27T22:47:53+00:00\",\"description\":\"Bock-Schr\\u00f6der Kommunikation erbjuder f\\u00f6retag och organisationer i turistn\\u00e4ringen tj\\u00e4nster inom Content-Marketing, \\u00f6vers\\u00e4ttningar, PR mm med fokus p\\u00e5 de tysktalande marknaderna.\",\"breadcrumb\":{\"@id\":\"https:\/\/bock-schroeder.de\/leistungen\/#breadcrumb\"},\"inLanguage\":\"sv-SE\",\"potentialAction\":[{\"@type\":\"ReadAction\",\"target\":[\"https:\/\/bock-schroeder.de\/leistungen\/\"]}]},{\"@type\":\"BreadcrumbList\",\"@id\":\"https:\/\/bock-schroeder.de\/leistungen\/#breadcrumb\",\"itemListElement\":[{\"@type\":\"ListItem\",\"position\":1,\"name\":\"Startseite\",\"item\":\"https:\/\/bock-schroeder.de\/sv\/\"},{\"@type\":\"ListItem\",\"position\":2,\"name\":\"V\\u00e5ra tj\\u00e4nster\"}]}]}<\/script>\n<!-- \/ Yoast SEO plugin. -->","yoast_head_json":{"title":"V\u00e5ra tj\u00e4nster - Bock-Schr\u00f6der Kommunikation","description":"Bock-Schr\u00f6der Kommunikation erbjuder f\u00f6retag och organisationer i turistn\u00e4ringen tj\u00e4nster inom Content-Marketing, \u00f6vers\u00e4ttningar, PR mm med fokus p\u00e5 de tysktalande marknaderna.","robots":{"index":"index","follow":"follow","max-snippet":"max-snippet:-1","max-image-preview":"max-image-preview:large","max-video-preview":"max-video-preview:-1"},"canonical":"https:\/\/bock-schroeder.de\/sv\/leistungen\/","og_locale":"sv_SE","og_type":"article","og_title":"V\u00e5ra tj\u00e4nster - Bock-Schr\u00f6der Kommunikation","og_description":"Bock-Schr\u00f6der Kommunikation erbjuder f\u00f6retag och organisationer i turistn\u00e4ringen tj\u00e4nster inom Content-Marketing, \u00f6vers\u00e4ttningar, PR mm med fokus p\u00e5 de tysktalande marknaderna.","og_url":"https:\/\/bock-schroeder.de\/leistungen\/","og_site_name":"Bock-Schr\u00f6der Kommunikation","article_modified_time":"2020-10-27T22:47:53+00:00","twitter_card":"summary_large_image","twitter_misc":{"Ber\u00e4knad l\u00e4stid":"4 minuter"},"schema":{"@context":"https:\/\/schema.org","@graph":[{"@type":"WebSite","@id":"https:\/\/bock-schroeder.de\/#website","url":"https:\/\/bock-schroeder.de\/","name":"Bock-Schr\u00f6der Kommunikation","description":"Tourismus, Marketing und Kommunikation mit einem Fokus auf Nordeuropa","potentialAction":[{"@type":"SearchAction","target":{"@type":"EntryPoint","urlTemplate":"https:\/\/bock-schroeder.de\/?s={search_term_string}"},"query-input":"required name=search_term_string"}],"inLanguage":"sv-SE"},{"@type":"WebPage","@id":"https:\/\/bock-schroeder.de\/leistungen\/#webpage","url":"https:\/\/bock-schroeder.de\/leistungen\/","name":"V\u00e5ra tj\u00e4nster - Bock-Schr\u00f6der Kommunikation","isPartOf":{"@id":"https:\/\/bock-schroeder.de\/#website"},"datePublished":"2020-04-30T13:12:02+00:00","dateModified":"2020-10-27T22:47:53+00:00","description":"Bock-Schr\u00f6der Kommunikation erbjuder f\u00f6retag och organisationer i turistn\u00e4ringen tj\u00e4nster inom Content-Marketing, \u00f6vers\u00e4ttningar, PR mm med fokus p\u00e5 de tysktalande marknaderna.","breadcrumb":{"@id":"https:\/\/bock-schroeder.de\/leistungen\/#breadcrumb"},"inLanguage":"sv-SE","potentialAction":[{"@type":"ReadAction","target":["https:\/\/bock-schroeder.de\/leistungen\/"]}]},{"@type":"BreadcrumbList","@id":"https:\/\/bock-schroeder.de\/leistungen\/#breadcrumb","itemListElement":[{"@type":"ListItem","position":1,"name":"Startseite","item":"https:\/\/bock-schroeder.de\/sv\/"},{"@type":"ListItem","position":2,"name":"V\u00e5ra tj\u00e4nster"}]}]}},"_links":{"self":[{"href":"https:\/\/bock-schroeder.de\/sv\/wp-json\/wp\/v2\/pages\/54"}],"collection":[{"href":"https:\/\/bock-schroeder.de\/sv\/wp-json\/wp\/v2\/pages"}],"about":[{"href":"https:\/\/bock-schroeder.de\/sv\/wp-json\/wp\/v2\/types\/page"}],"author":[{"embeddable":true,"href":"https:\/\/bock-schroeder.de\/sv\/wp-json\/wp\/v2\/users\/1"}],"replies":[{"embeddable":true,"href":"https:\/\/bock-schroeder.de\/sv\/wp-json\/wp\/v2\/comments?post=54"}],"version-history":[{"count":24,"href":"https:\/\/bock-schroeder.de\/sv\/wp-json\/wp\/v2\/pages\/54\/revisions"}],"predecessor-version":[{"id":925,"href":"https:\/\/bock-schroeder.de\/sv\/wp-json\/wp\/v2\/pages\/54\/revisions\/925"}],"wp:attachment":[{"href":"https:\/\/bock-schroeder.de\/sv\/wp-json\/wp\/v2\/media?parent=54"}],"curies":[{"name":"wp","href":"https:\/\/api.w.org\/{rel}","templated":true}]}}