{"id":64,"date":"2020-05-06T12:32:24","date_gmt":"2020-05-06T10:32:24","guid":{"rendered":"http:\/\/test.bock-schroeder.de\/?page_id=64"},"modified":"2020-10-28T11:22:22","modified_gmt":"2020-10-28T10:22:22","slug":"dataskyddsdeklaration","status":"publish","type":"page","link":"https:\/\/bock-schroeder.de\/sv\/dataskyddsdeklaration\/","title":{"rendered":"Dataskyddsdeklaration"},"content":{"rendered":"[vc_row][vc_column]<div class=\"vcex-heading vcex-module wpex-text-2xl wpex-font-normal wpex-m-auto wpex-max-w-100 vcex-heading-plain wpex-block\"><span class=\"vcex-heading-inner wpex-inline-block wpex-clr\">Datenschutzerkl\u00e4rung von Bock-Schr\u00f6der Kommunikation gem\u00e4\u00df DSGVO:<\/span><\/div>[\/vc_column][\/vc_row][vc_row][vc_column][vc_column_text]Wir freuen uns \u00fcber das Interesse am Informationsangebot von Bock-Schr\u00f6der Kommunikation. Eine Nutzung dieser Website ist grunds\u00e4tzlich ohne Angabe von personenbezogenen Daten m\u00f6glich. Sofern weitere Services und Leistungen unseres Unternehmens in Anspruch genommen werden, kann eine Verarbeitung personenbezogener Daten erforderlich werden. Wir nehmen den Schutz pers\u00f6nlicher Daten sehr ernst. Personenbezogene Daten behandeln wir stets vertraulich und entsprechend der gesetzlichen Vorschriften. Im Sinne der Datenschutzgrundverordnung DSGVO gibt Bock-Schr\u00f6der Kommunikation \/ Redaktionsb\u00fcro Bock-Schr\u00f6der GbR die hier folgende Datenschutzerkl\u00e4rung ab.<\/p>\n<p><strong>I Verantwortlicher<\/strong><\/p>\n<p>Verantwortlicher im Sinne der Datenschutz-Grundverordnung DSGVO und anderer nationaler Datenschutzgesetze der EU-Mitgliedsstaaten sowie sonstiger datenschutzrechtlicher Bestimmungen ist: Bock-Schr\u00f6der Kommunikation \/ Redaktionsb\u00fcro Bock-Schr\u00f6der GbR Postfach 1315 23873 M\u00f6lln www.bock-schroeder.de Tel.: +49 (0)16090215334 E-Mail: info (at) bock-schroeder.de Website: <a href=\"http:\/\/bock-schroeder.de\">www.bock-schroeder.de<\/a> Datenschutzverantwortliche ist: Birgit Bock-Schr\u00f6der, Tel.: +49 (0)16090215334 E-Mail: datenschutz (at) bock-schroeder.de<\/p>\n<p><strong>II Allgemeines zur Datenverarbeitung<\/strong><\/p>\n<p>Umfang von personenbezogenen Daten: Wir verarbeiten personenbezogene Daten grunds\u00e4tzlich nur, soweit dies zur Bereitstellung einer funktionsf\u00e4higen Website sowie unserer Services und Leistungen erforderlich ist. Die Verarbeitung personenbezogener Daten unserer Nutzer erfolgt regelm\u00e4\u00dfig nur nach Einwilligung des Nutzers. Eine Ausnahme gilt in solchen F\u00e4llen, in denen eine vorherige Einholung einer Einwilligung aus tats\u00e4chlichen Gr\u00fcnden nicht m\u00f6glich ist und die Verarbeitung der Daten durch gesetzliche Vorschriften gestattet ist. Rechtsgrundlage f\u00fcr die Verarbeitung personenbezogener Daten: Soweit wir f\u00fcr Verarbeitungsvorg\u00e4nge personenbezogener Daten eine Einwilligung der betroffenen Person einholen, dient Art. 6 Abs. 1 lit. a EU-Datenschutzgrundverordnung (DSGVO) als Rechtsgrundlage. Bei der Verarbeitung von personenbezogenen Daten, die zur Erf\u00fcllung eines Vertrages, dessen Vertragspartei die betroffene Person ist, erforderlich ist, dient Art. 6 Abs. 1 lit. b DSGVO als Rechtsgrundlage. Dies gilt auch f\u00fcr Verarbeitungsvorg\u00e4nge, die zur Durchf\u00fchrung vorvertraglicher Ma\u00dfnahmen erforderlich sind. Soweit eine Verarbeitung personenbezogener Daten zur Erf\u00fcllung einer rechtlichen Verpflichtung erforderlich ist, der unser Unternehmen unterliegt, dient Art. 6 Abs. 1 lit. c DSGVO als Rechtsgrundlage. Ist die Verarbeitung zur Wahrung eines berechtigten Interesses unseres Unternehmens oder eines Dritten erforderlich und \u00fcberwiegen die Interessen, Grundrechte und Grundfreiheiten des Betroffenen das erstgenannte Interesse nicht, so dient Art. 6 Abs. 1 lit. f DSGVO als Rechtsgrundlage f\u00fcr die Verarbeitung. Auskunft, Speicherdauer und Datenl\u00f6schung: Betroffene Personen haben das Recht, unentgeltlich eine Auskunft, \u00fcber die bei uns gespeicherten personenbezogenen Daten, anzufordern und\/oder eine Berichtigung, Sperrung oder L\u00f6schung zu verlangen. Davon ausgenommen ist die gesetzlich vorgeschriebene Datenspeicherung zur Gesch\u00e4ftsabwicklung sowie Daten, die der gesetzlichen Aufbewahrungspflicht unterliegen. Die personenbezogenen Daten der betroffenen Person werden gel\u00f6scht oder gesperrt, sobald der Zweck der Speicherung entf\u00e4llt. Eine Speicherung kann dar\u00fcber hinaus erfolgen, wenn dies durch den europ\u00e4ischen oder nationalen Gesetzgeber in unionsrechtlichen Verordnungen, Gesetzen oder sonstigen Vorschriften, denen der Verantwortliche unterliegt, vorgesehen wurde. Eine Sperrung oder L\u00f6schung der Daten erfolgt auch dann, wenn eine durch die genannten Normen vorgeschriebene Speicherfrist abl\u00e4uft, es sei denn, dass eine Erforderlichkeit zur weiteren Speicherung der Daten f\u00fcr einen Vertragsabschluss oder eine Vertragserf\u00fcllung besteht. Um eine Datensperre jederzeit ber\u00fccksichtigen zu k\u00f6nnen, ist es erforderlich, die Daten f\u00fcr Kontrollzwecke in einer Sperrdatei vorzuhalten. Besteht keine gesetzliche Archivierungspflicht, k\u00f6nnen betroffene Personen auch die L\u00f6schung der Daten verlangen. Anderenfalls sperren wir die Daten, sofern die betroffene Person dies w\u00fcnscht. Antr\u00e4ge auf Auskunft, Berichtigung, Sperre oder L\u00f6schung sind schriftlich an die Datenschutzbeauftragte zu richten (Kontaktdaten s.o.).<\/p>\n<p><strong>III.<\/strong> <strong>A) WEBSITE<\/strong> Beschreibung und Umfang der Datenverarbeitung: Bei jedem Aufruf unserer Internetseite erfasst unser System automatisiert Daten und Informationen vom Computersystem des aufrufenden Rechners. Folgende Daten werden hierbei erhoben: IP-Adresse Datum\/Uhrzeit\/Zeitzone Request &amp; URL Die Logfiles enthalten IP-Adressen oder sonstige Daten, die eine Zuordnung zu einem Nutzer erm\u00f6glichen. Dies k\u00f6nnte beispielsweise der Fall sein, wenn der Link zur Website, von der der Nutzer auf die Internetseite gelangt, oder der Link zur Website, zu der der Nutzer wechselt, personenbezogene Daten enth\u00e4lt. Die Daten werden ebenfalls in den Logfiles unseres Systems gespeichert. Eine Speicherung dieser Daten zusammen mit anderen personenbezogenen Daten des Nutzers findet nicht statt. Rechtsgrundlage der Datenverarbeitung: Rechtsgrundlage f\u00fcr die vor\u00fcbergehende Speicherung der Daten und der Logfiles ist Art. 6 Abs. 1 lit. f DSGVO. Zwecke der Datenverarbeitung: Die vor\u00fcbergehende Speicherung der IP-Adresse durch das System ist notwendig, um eine Auslieferung der Website an den Rechner des Nutzers zu erm\u00f6glichen. Hierf\u00fcr muss die IP-Adresse des Nutzers f\u00fcr die Dauer der Sitzung gespeichert bleiben. Die Speicherung in Logfiles erfolgt, um die Funktionsf\u00e4higkeit der Website sicherzustellen. Dauer der Speicherung: Die Daten werden nach 30 Tagen gel\u00f6scht. Widerspruchsm\u00f6glichkeit und L\u00f6schung: Die Erfassung der Daten zur Bereitstellung der Website und die Speicherung der Daten in Logfiles ist f\u00fcr den Betrieb der Internetseite zwingend erforderlich. Es besteht folglich seitens des Nutzers keine Widerspruchsm\u00f6glichkeit. Cookies, Plugins, Custom Audiences u.\u00e4.: Diese Website verwendet keine Cookies. Wir verwenden keine Social Plugins, bilden keine Custom Audiences und Messen keine Conversions auf unserer Website.<\/p>\n<p><strong>B) NEWSLETTER<\/strong><\/p>\n<p>Wir versenden Newsletter zu verschiedenen Themen im Auftrag unserer Kunden bzw. zu Themen und Neuigkeiten, die unsere Kunden betreffen. Wir erm\u00f6glichen die Anmeldung bzw. Eintragung in Versandlisten zum Erhalt dieser Newsletter zu verschiedenen Themen. F\u00fcr die Anmeldung zu unseren Newslettern und Versandlisten ist jeweils die Angabe einer g\u00fcltigen Emailadresse erforderlich. F\u00fcr die Anmeldung verwenden wir das sog. Double-Opt-in-Verfahren. Das hei\u00dft, dass wir der betroffenen Person nach ihrer Anmeldung eine E-Mail an die angegebene E-Mail-Adresse senden, in welcher wir um Best\u00e4tigung bitten, dass sie den Versand des Newsletters w\u00fcnscht. Dar\u00fcber hinaus speichern wir jeweils die eingesetzte IP-Adresse und den Zeitpunkt der Anmeldung und Best\u00e4tigung. Zweck des Verfahrens ist, die Anmeldung nachweisen und ggf. einen m\u00f6glichen Missbrauch der personenbezogenen Daten aufkl\u00e4ren zu k\u00f6nnen. Pflichtangabe f\u00fcr die \u00dcbersendung des Newsletters ist die E-Mail-Adresse. Die Angabe weiterer, gesondert markierter Daten ist freiwillig und wird verwendet, um eine pers\u00f6nliche Ansprache zu erm\u00f6glichen. Nach der Best\u00e4tigung speichern wir die E-Mail-Adresse zum Zweck der Zusendung des Newsletters. Rechtsgrundlage ist Art. 6 Abs. 1 S. 1 lit. a DSGVO. Einwilligung und Widerruf Die Einwilligung in die \u00dcbersendung des Newsletters kann die betroffene Person jederzeit widerrufen und den Newsletter abbestellen. Den Widerruf kann die betroffene Person durch Klick auf den in jedem E-Mail-Newsletter bereitgestellten Link, per E-Mail an datenschutz@bock-schroeder.de oder durch eine entsprechende Mitteilung an die im Impressum angegebenen Kontaktdaten erkl\u00e4ren. Auftragsverarbeiter: Wir bedienen uns externer Dienstleister (Auftragsverarbeiter) f\u00fcr den Versand von Newslettern. Mit dem Dienstleister wurde ein Vertrag \u00fcber eine Auftragsdatenverarbeitung geschlossen, um den Schutz personenbezogener Daten zu gew\u00e4hrleisten. Unser Newsletter-Dienstleister ist die CleverReach GmbH &amp; Co. KG, M\u00fchlenstr 43, D-26180 Rastede.<\/p>\n<p><strong>C) KONTAKTANFRAGE \/ E-MAIL-KONTAKT<\/strong><\/p>\n<p>Wir speichern personenbezogene Daten, die uns im Rahmen einer Kontaktanfrage erreichen. Diese Daten werden ausschlie\u00dflich zum Zweck der Beantwortung des Anliegens der betroffenen Person und der damit verbundenen technischen Administration gespeichert und verwendet. Rechtsgrundlage f\u00fcr die Verarbeitung der Daten ist unser berechtigtes Interesse an der Beantwortung des Anliegens gem\u00e4\u00df Art. 6 Abs. 1 lit. f DSGVO. Hat die Kontaktaufnahme den Abschluss eines Vertrages zum Zweck, so ist zus\u00e4tzliche Rechtsgrundlage f\u00fcr die Verarbeitung Art. 6 Abs. 1 lit. b DSGVO.<\/p>\n<p><strong>D) SOZIALE MEDIEN UND WEITERE ONLINE-PR\u00c4SENZEN<\/strong><\/p>\n<p>Wir nutzen Accounts in Sozialen Medien \u2013 Linkedin, Facebook, Twitter und Instagram \u2013 als weitere Online-Pr\u00e4senzen. Wir machen an dieser Stelle darauf aufmerksam, dass wir keinen Einfluss auf die Datenverarbeitung haben, die die Betreiber der Sozialen Medien vornehmen, wenn betroffene Personen eine unserer Online-Pr\u00e4senzen in den Sozialen Medien besuchen. F\u00fcr Ausk\u00fcnfte zu Datenschutz und Kontaktm\u00f6glichkeiten verweisen wir an die Betreiber der Sozialen Medien:<\/p>\n<p>Linkedin: Information zur Datenschutzrichtlinie von Linkedin finden Sie hier: <a href=\"https:\/\/www.linkedin.com\/legal\/privacy-policy?_l=de_DE\">https:\/\/www.linkedin.com\/legal\/privacy-policy?_l=de_DE<\/a><\/p>\n<p>Facebook: Informationen zu den Datenschutzbestimmungen, dem Zweck und Umfang der Datenerfassung und Datenverarbeitung sowie den Einstellm\u00f6glichkeiten zum Schutz der Privatsph\u00e4re bei Facebook findet man hier: <a href=\"https:\/\/www.facebook.com\/privacy\/explanation\">https:\/\/www.facebook.com\/privacy\/explanation<\/a><\/p>\n<p>Instagram: Information zur Datenschutzrichtlinie bei Instagram, welches zu Facebook geh\u00f6rt, findet man hier: <a href=\"https:\/\/help.instagram.com\/519522125107875?helpref=page_content\">https:\/\/help.instagram.com\/519522125107875?helpref=page_content<\/a><\/p>\n<p>Twitter: Die Twitter Datenschutzrichtlinie findet man hier: <a href=\"https:\/\/twitter.com\/de\/privacy\">https:\/\/twitter.com\/de\/privacy<\/a><\/p>\n<p><strong>E) \u00c4NDERUNG UNSERER DATENSCHUTZBESTIMMUNGEN<\/strong><\/p>\n<p>Wir behalten uns das Recht vor, unsere Sicherheits- und Datenschutzma\u00dfnahmen zu ver\u00e4ndern, soweit dies aufgrund neuer oder \u00fcberarbeiteter Leistungen und Services unsererseits oder wegen der technischen Entwicklung erforderlich wird. In diesen F\u00e4llen werden wir auch unsere Hinweise zum Datenschutz entsprechend anpassen. Es gilt die jeweils aktuelle Version unserer Datenschutzerkl\u00e4rung.<\/p>\n<p><strong>F) LINKS<\/strong><\/p>\n<p>Sofern Personen Links anklicken, die sich auf dieser Website, in unseren Newslettern oder auf unseren weiteren Online-Pr\u00e4senzen befinden, die auf externe Inhalte au\u00dferhalb unserer Onlinepr\u00e4senzen f\u00fchren, erstreckt sich unsere Datenschutzerkl\u00e4rung nicht auf jene Inhalte und Onlinepr\u00e4senzen. Dazu verweisen wir auf die Datenschutzerkl\u00e4rungen der jeweiligen Betreiber der Internetseiten, auf die die Links f\u00fchren. Stand: 19. Mai 2020[\/vc_column_text][\/vc_column][\/vc_row]\n","protected":false},"excerpt":{"rendered":"<p>[vc_row][vc_column][\/vc_column][\/vc_row][vc_row][vc_column][vc_column_text]Wir freuen uns \u00fcber das Interesse am Informationsangebot von Bock-Schr\u00f6der Kommunikation. Eine Nutzung dieser Website ist grunds\u00e4tzlich ohne Angabe von personenbezogenen Daten m\u00f6glich. Sofern weitere Services und Leistungen unseres Unternehmens in Anspruch genommen werden, kann eine Verarbeitung personenbezogener Daten erforderlich werden. Wir nehmen den Schutz pers\u00f6nlicher Daten sehr ernst. Personenbezogene Daten behandeln wir stets vertraulich&hellip;<\/p>\n","protected":false},"author":1,"featured_media":0,"parent":0,"menu_order":0,"comment_status":"closed","ping_status":"open","template":"","meta":[],"yoast_head":"<!-- This site is optimized with the Yoast SEO plugin v17.0 - https:\/\/yoast.com\/wordpress\/plugins\/seo\/ -->\n<title>Dataskyddsdeklaration - Bock-Schr\u00f6der Kommunikation<\/title>\n<meta name=\"robots\" content=\"index, follow, max-snippet:-1, max-image-preview:large, max-video-preview:-1\" \/>\n<link rel=\"canonical\" href=\"https:\/\/bock-schroeder.de\/sv\/dataskyddsdeklaration\/\" \/>\n<meta property=\"og:locale\" content=\"sv_SE\" \/>\n<meta property=\"og:type\" content=\"article\" \/>\n<meta property=\"og:title\" content=\"Dataskyddsdeklaration - Bock-Schr\u00f6der Kommunikation\" \/>\n<meta property=\"og:description\" content=\"[vc_row][vc_column][\/vc_column][\/vc_row][vc_row][vc_column][vc_column_text]Wir freuen uns \u00fcber das Interesse am Informationsangebot von Bock-Schr\u00f6der Kommunikation. Eine Nutzung dieser Website ist grunds\u00e4tzlich ohne Angabe von personenbezogenen Daten m\u00f6glich. Sofern weitere Services und Leistungen unseres Unternehmens in Anspruch genommen werden, kann eine Verarbeitung personenbezogener Daten erforderlich werden. Wir nehmen den Schutz pers\u00f6nlicher Daten sehr ernst. Personenbezogene Daten behandeln wir stets vertraulich&hellip;\" \/>\n<meta property=\"og:url\" content=\"https:\/\/bock-schroeder.de\/sv\/dataskyddsdeklaration\/\" \/>\n<meta property=\"og:site_name\" content=\"Bock-Schr\u00f6der Kommunikation\" \/>\n<meta property=\"article:modified_time\" content=\"2020-10-28T10:22:22+00:00\" \/>\n<meta name=\"twitter:card\" content=\"summary_large_image\" \/>\n<meta name=\"twitter:label1\" content=\"Ber\u00e4knad l\u00e4stid\" \/>\n\t<meta name=\"twitter:data1\" content=\"7 minuter\" \/>\n<script type=\"application\/ld+json\" class=\"yoast-schema-graph\">{\"@context\":\"https:\/\/schema.org\",\"@graph\":[{\"@type\":\"WebSite\",\"@id\":\"https:\/\/bock-schroeder.de\/#website\",\"url\":\"https:\/\/bock-schroeder.de\/\",\"name\":\"Bock-Schr\\u00f6der Kommunikation\",\"description\":\"Tourismus, Marketing und Kommunikation mit einem Fokus auf Nordeuropa\",\"potentialAction\":[{\"@type\":\"SearchAction\",\"target\":{\"@type\":\"EntryPoint\",\"urlTemplate\":\"https:\/\/bock-schroeder.de\/?s={search_term_string}\"},\"query-input\":\"required name=search_term_string\"}],\"inLanguage\":\"sv-SE\"},{\"@type\":\"WebPage\",\"@id\":\"https:\/\/bock-schroeder.de\/sv\/dataskyddsdeklaration\/#webpage\",\"url\":\"https:\/\/bock-schroeder.de\/sv\/dataskyddsdeklaration\/\",\"name\":\"Dataskyddsdeklaration - Bock-Schr\\u00f6der Kommunikation\",\"isPartOf\":{\"@id\":\"https:\/\/bock-schroeder.de\/#website\"},\"datePublished\":\"2020-05-06T10:32:24+00:00\",\"dateModified\":\"2020-10-28T10:22:22+00:00\",\"breadcrumb\":{\"@id\":\"https:\/\/bock-schroeder.de\/sv\/dataskyddsdeklaration\/#breadcrumb\"},\"inLanguage\":\"sv-SE\",\"potentialAction\":[{\"@type\":\"ReadAction\",\"target\":[\"https:\/\/bock-schroeder.de\/sv\/dataskyddsdeklaration\/\"]}]},{\"@type\":\"BreadcrumbList\",\"@id\":\"https:\/\/bock-schroeder.de\/sv\/dataskyddsdeklaration\/#breadcrumb\",\"itemListElement\":[{\"@type\":\"ListItem\",\"position\":1,\"name\":\"Startseite\",\"item\":\"https:\/\/bock-schroeder.de\/sv\/\"},{\"@type\":\"ListItem\",\"position\":2,\"name\":\"Dataskyddsdeklaration\"}]}]}<\/script>\n<!-- \/ Yoast SEO plugin. -->","yoast_head_json":{"title":"Dataskyddsdeklaration - Bock-Schr\u00f6der Kommunikation","robots":{"index":"index","follow":"follow","max-snippet":"max-snippet:-1","max-image-preview":"max-image-preview:large","max-video-preview":"max-video-preview:-1"},"canonical":"https:\/\/bock-schroeder.de\/sv\/dataskyddsdeklaration\/","og_locale":"sv_SE","og_type":"article","og_title":"Dataskyddsdeklaration - Bock-Schr\u00f6der Kommunikation","og_description":"[vc_row][vc_column][\/vc_column][\/vc_row][vc_row][vc_column][vc_column_text]Wir freuen uns \u00fcber das Interesse am Informationsangebot von Bock-Schr\u00f6der Kommunikation. Eine Nutzung dieser Website ist grunds\u00e4tzlich ohne Angabe von personenbezogenen Daten m\u00f6glich. Sofern weitere Services und Leistungen unseres Unternehmens in Anspruch genommen werden, kann eine Verarbeitung personenbezogener Daten erforderlich werden. Wir nehmen den Schutz pers\u00f6nlicher Daten sehr ernst. Personenbezogene Daten behandeln wir stets vertraulich&hellip;","og_url":"https:\/\/bock-schroeder.de\/sv\/dataskyddsdeklaration\/","og_site_name":"Bock-Schr\u00f6der Kommunikation","article_modified_time":"2020-10-28T10:22:22+00:00","twitter_card":"summary_large_image","twitter_misc":{"Ber\u00e4knad l\u00e4stid":"7 minuter"},"schema":{"@context":"https:\/\/schema.org","@graph":[{"@type":"WebSite","@id":"https:\/\/bock-schroeder.de\/#website","url":"https:\/\/bock-schroeder.de\/","name":"Bock-Schr\u00f6der Kommunikation","description":"Tourismus, Marketing und Kommunikation mit einem Fokus auf Nordeuropa","potentialAction":[{"@type":"SearchAction","target":{"@type":"EntryPoint","urlTemplate":"https:\/\/bock-schroeder.de\/?s={search_term_string}"},"query-input":"required name=search_term_string"}],"inLanguage":"sv-SE"},{"@type":"WebPage","@id":"https:\/\/bock-schroeder.de\/sv\/dataskyddsdeklaration\/#webpage","url":"https:\/\/bock-schroeder.de\/sv\/dataskyddsdeklaration\/","name":"Dataskyddsdeklaration - Bock-Schr\u00f6der Kommunikation","isPartOf":{"@id":"https:\/\/bock-schroeder.de\/#website"},"datePublished":"2020-05-06T10:32:24+00:00","dateModified":"2020-10-28T10:22:22+00:00","breadcrumb":{"@id":"https:\/\/bock-schroeder.de\/sv\/dataskyddsdeklaration\/#breadcrumb"},"inLanguage":"sv-SE","potentialAction":[{"@type":"ReadAction","target":["https:\/\/bock-schroeder.de\/sv\/dataskyddsdeklaration\/"]}]},{"@type":"BreadcrumbList","@id":"https:\/\/bock-schroeder.de\/sv\/dataskyddsdeklaration\/#breadcrumb","itemListElement":[{"@type":"ListItem","position":1,"name":"Startseite","item":"https:\/\/bock-schroeder.de\/sv\/"},{"@type":"ListItem","position":2,"name":"Dataskyddsdeklaration"}]}]}},"_links":{"self":[{"href":"https:\/\/bock-schroeder.de\/sv\/wp-json\/wp\/v2\/pages\/64"}],"collection":[{"href":"https:\/\/bock-schroeder.de\/sv\/wp-json\/wp\/v2\/pages"}],"about":[{"href":"https:\/\/bock-schroeder.de\/sv\/wp-json\/wp\/v2\/types\/page"}],"author":[{"embeddable":true,"href":"https:\/\/bock-schroeder.de\/sv\/wp-json\/wp\/v2\/users\/1"}],"replies":[{"embeddable":true,"href":"https:\/\/bock-schroeder.de\/sv\/wp-json\/wp\/v2\/comments?post=64"}],"version-history":[{"count":5,"href":"https:\/\/bock-schroeder.de\/sv\/wp-json\/wp\/v2\/pages\/64\/revisions"}],"predecessor-version":[{"id":933,"href":"https:\/\/bock-schroeder.de\/sv\/wp-json\/wp\/v2\/pages\/64\/revisions\/933"}],"wp:attachment":[{"href":"https:\/\/bock-schroeder.de\/sv\/wp-json\/wp\/v2\/media?parent=64"}],"curies":[{"name":"wp","href":"https:\/\/api.w.org\/{rel}","templated":true}]}}