{"id":78,"date":"2020-05-06T12:44:19","date_gmt":"2020-05-06T10:44:19","guid":{"rendered":"http:\/\/test.bock-schroeder.de\/?page_id=78"},"modified":"2020-10-28T11:28:00","modified_gmt":"2020-10-28T10:28:00","slug":"impressum","status":"publish","type":"page","link":"https:\/\/bock-schroeder.de\/sv\/impressum\/","title":{"rendered":"Impressum"},"content":{"rendered":"[vc_row][vc_column]<div class=\"vcex-heading vcex-module wpex-text-2xl wpex-font-normal wpex-m-auto wpex-max-w-100 vcex-heading-plain wpex-block\"><span class=\"vcex-heading-inner wpex-inline-block wpex-clr\">Impressum<\/span><\/div>[\/vc_column][\/vc_row][vc_row][vc_column][vc_column_text]\n<h1>BOCK-SCHR\u00d6DER Kommunikation<\/h1>\n<h2>Redaktionsb\u00fcro Bock-Schr\u00f6der GbR<\/h2>\n<p>Postfach 13 15<br \/>\nD-23873 M\u00f6lln<br \/>\nGermany<\/p>\n<p>Website: bock-schroeder.de<\/p>\n<p>Email: info [at] bock-schroeder.de<\/p>\n<p>Telefon: +49-160-9021 5334<\/p>\n<p>&nbsp;<\/p>\n<p>Bock-Schr\u00f6der Kommunikation ist eine Marke des Redaktionsb\u00fcro Bock-Schr\u00f6der GbR<br \/>\nUmsatzsteuer-Identifikationsnummer \/ VAT:\u00a0 DE174501286<br \/>\nSteuernummer: FA 27 222 19808<\/p>\n<p>Inhaltlich verantwortlich gem\u00e4\u00df \u00a7 10 Absatz 3 MDStV: Birgit Bock-Schr\u00f6der (Anschrift wie oben)<\/p>\n<p><b>Rechtlicher Hinweis zu Links, die von unseren Webangeboten zu externen Seiten verweisen:<\/b><\/p>\n<p>Das Landgericht Hamburg hat mit Urteil vom 12.05.1998 (312 O 85\/98 &#8211; &#8221;Haftung f\u00fcr Links&#8221;) entschieden, da\u00df man durch die Anbringung eines Links, die Inhalte der gelinkten Seite ggf. mit zu verantworten hat. Dies kann, so das LG, nur dadurch verhindert werden, da\u00df man sich ausdr\u00fccklich von diesen Inhalten distanziert. Wir erkl\u00e4ren hiermit, dass wir auf die Gestaltung der Seiten, auf die von unseren Webseiten mittels Link verweisen, keinerlei Einfluss haben. Wir distanzieren uns daher an dieser Stelle im Sinne der Entscheidung des LG Hamburg ausdr\u00fccklich von den Inhalten fremder Seiten.<\/p>\n<p class=\"bodytext\"><b>Plattform der EU-Kommission zur Online-Streitbeilegung:<\/b><\/p>\n<p class=\"bodytext\">Ziel der Plattform ist es, sowohl Unternehmern als auch Verbrauchern f\u00fcr inl\u00e4ndische und f\u00fcr grenz\u00fcberschreitende Gesch\u00e4fte eine M\u00f6glichkeit der alternativen Streitbeilegung zu bieten, die einfacher und billiger ist als der Weg zum Gericht.<\/p>\n<p class=\"bodytext\"><a class=\"external-link-new-window\" title=\"Opens internal link in current window\" href=\"https:\/\/ec.europa.eu\/consumers\/odr\/\" target=\"_blank\" rel=\"noopener noreferrer\">https:\/\/ec.europa.eu\/consumers\/odr\/<\/a><\/p>\n[\/vc_column_text][\/vc_column][\/vc_row]\n","protected":false},"excerpt":{"rendered":"<p>[vc_row][vc_column][\/vc_column][\/vc_row][vc_row][vc_column][vc_column_text] BOCK-SCHR\u00d6DER Kommunikation Redaktionsb\u00fcro Bock-Schr\u00f6der GbR Postfach 13 15 D-23873 M\u00f6lln Germany Website: bock-schroeder.de Email: info [at] bock-schroeder.de Telefon: +49-160-9021 5334 &nbsp; Bock-Schr\u00f6der Kommunikation ist eine Marke des Redaktionsb\u00fcro Bock-Schr\u00f6der GbR Umsatzsteuer-Identifikationsnummer \/ VAT:\u00a0 DE174501286 Steuernummer: FA 27 222 19808 Inhaltlich verantwortlich gem\u00e4\u00df \u00a7 10 Absatz 3 MDStV: Birgit Bock-Schr\u00f6der (Anschrift wie oben) Rechtlicher Hinweis&hellip;<\/p>\n","protected":false},"author":1,"featured_media":0,"parent":0,"menu_order":0,"comment_status":"closed","ping_status":"closed","template":"","meta":[],"yoast_head":"<!-- This site is optimized with the Yoast SEO plugin v17.0 - https:\/\/yoast.com\/wordpress\/plugins\/seo\/ -->\n<title>Impressum - Bock-Schr\u00f6der Kommunikation<\/title>\n<meta name=\"description\" content=\"Impressum: Bock-Schr\u00f6der Kommunikation ist eine Marke des Redaktionsb\u00fcro Bock-Schr\u00f6der GbR\" \/>\n<meta name=\"robots\" content=\"index, follow, max-snippet:-1, max-image-preview:large, max-video-preview:-1\" \/>\n<link rel=\"canonical\" href=\"https:\/\/bock-schroeder.de\/sv\/impressum\/\" \/>\n<meta property=\"og:locale\" content=\"sv_SE\" \/>\n<meta property=\"og:type\" content=\"article\" \/>\n<meta property=\"og:title\" content=\"Impressum - Bock-Schr\u00f6der Kommunikation\" \/>\n<meta property=\"og:description\" content=\"Impressum: Bock-Schr\u00f6der Kommunikation ist eine Marke des Redaktionsb\u00fcro Bock-Schr\u00f6der GbR\" \/>\n<meta property=\"og:url\" content=\"https:\/\/bock-schroeder.de\/sv\/impressum\/\" \/>\n<meta property=\"og:site_name\" content=\"Bock-Schr\u00f6der Kommunikation\" \/>\n<meta property=\"article:modified_time\" content=\"2020-10-28T10:28:00+00:00\" \/>\n<meta name=\"twitter:card\" content=\"summary_large_image\" \/>\n<meta name=\"twitter:label1\" content=\"Ber\u00e4knad l\u00e4stid\" \/>\n\t<meta name=\"twitter:data1\" content=\"1 minut\" \/>\n<script type=\"application\/ld+json\" class=\"yoast-schema-graph\">{\"@context\":\"https:\/\/schema.org\",\"@graph\":[{\"@type\":\"WebSite\",\"@id\":\"https:\/\/bock-schroeder.de\/#website\",\"url\":\"https:\/\/bock-schroeder.de\/\",\"name\":\"Bock-Schr\\u00f6der Kommunikation\",\"description\":\"Tourismus, Marketing und Kommunikation mit einem Fokus auf Nordeuropa\",\"potentialAction\":[{\"@type\":\"SearchAction\",\"target\":{\"@type\":\"EntryPoint\",\"urlTemplate\":\"https:\/\/bock-schroeder.de\/?s={search_term_string}\"},\"query-input\":\"required name=search_term_string\"}],\"inLanguage\":\"sv-SE\"},{\"@type\":\"WebPage\",\"@id\":\"https:\/\/bock-schroeder.de\/sv\/impressum\/#webpage\",\"url\":\"https:\/\/bock-schroeder.de\/sv\/impressum\/\",\"name\":\"Impressum - Bock-Schr\\u00f6der Kommunikation\",\"isPartOf\":{\"@id\":\"https:\/\/bock-schroeder.de\/#website\"},\"datePublished\":\"2020-05-06T10:44:19+00:00\",\"dateModified\":\"2020-10-28T10:28:00+00:00\",\"description\":\"Impressum: Bock-Schr\\u00f6der Kommunikation ist eine Marke des Redaktionsb\\u00fcro Bock-Schr\\u00f6der GbR\",\"breadcrumb\":{\"@id\":\"https:\/\/bock-schroeder.de\/sv\/impressum\/#breadcrumb\"},\"inLanguage\":\"sv-SE\",\"potentialAction\":[{\"@type\":\"ReadAction\",\"target\":[\"https:\/\/bock-schroeder.de\/sv\/impressum\/\"]}]},{\"@type\":\"BreadcrumbList\",\"@id\":\"https:\/\/bock-schroeder.de\/sv\/impressum\/#breadcrumb\",\"itemListElement\":[{\"@type\":\"ListItem\",\"position\":1,\"name\":\"Startseite\",\"item\":\"https:\/\/bock-schroeder.de\/sv\/\"},{\"@type\":\"ListItem\",\"position\":2,\"name\":\"Impressum\"}]}]}<\/script>\n<!-- \/ Yoast SEO plugin. -->","yoast_head_json":{"title":"Impressum - Bock-Schr\u00f6der Kommunikation","description":"Impressum: Bock-Schr\u00f6der Kommunikation ist eine Marke des Redaktionsb\u00fcro Bock-Schr\u00f6der GbR","robots":{"index":"index","follow":"follow","max-snippet":"max-snippet:-1","max-image-preview":"max-image-preview:large","max-video-preview":"max-video-preview:-1"},"canonical":"https:\/\/bock-schroeder.de\/sv\/impressum\/","og_locale":"sv_SE","og_type":"article","og_title":"Impressum - Bock-Schr\u00f6der Kommunikation","og_description":"Impressum: Bock-Schr\u00f6der Kommunikation ist eine Marke des Redaktionsb\u00fcro Bock-Schr\u00f6der GbR","og_url":"https:\/\/bock-schroeder.de\/sv\/impressum\/","og_site_name":"Bock-Schr\u00f6der Kommunikation","article_modified_time":"2020-10-28T10:28:00+00:00","twitter_card":"summary_large_image","twitter_misc":{"Ber\u00e4knad l\u00e4stid":"1 minut"},"schema":{"@context":"https:\/\/schema.org","@graph":[{"@type":"WebSite","@id":"https:\/\/bock-schroeder.de\/#website","url":"https:\/\/bock-schroeder.de\/","name":"Bock-Schr\u00f6der Kommunikation","description":"Tourismus, Marketing und Kommunikation mit einem Fokus auf Nordeuropa","potentialAction":[{"@type":"SearchAction","target":{"@type":"EntryPoint","urlTemplate":"https:\/\/bock-schroeder.de\/?s={search_term_string}"},"query-input":"required name=search_term_string"}],"inLanguage":"sv-SE"},{"@type":"WebPage","@id":"https:\/\/bock-schroeder.de\/sv\/impressum\/#webpage","url":"https:\/\/bock-schroeder.de\/sv\/impressum\/","name":"Impressum - Bock-Schr\u00f6der Kommunikation","isPartOf":{"@id":"https:\/\/bock-schroeder.de\/#website"},"datePublished":"2020-05-06T10:44:19+00:00","dateModified":"2020-10-28T10:28:00+00:00","description":"Impressum: Bock-Schr\u00f6der Kommunikation ist eine Marke des Redaktionsb\u00fcro Bock-Schr\u00f6der GbR","breadcrumb":{"@id":"https:\/\/bock-schroeder.de\/sv\/impressum\/#breadcrumb"},"inLanguage":"sv-SE","potentialAction":[{"@type":"ReadAction","target":["https:\/\/bock-schroeder.de\/sv\/impressum\/"]}]},{"@type":"BreadcrumbList","@id":"https:\/\/bock-schroeder.de\/sv\/impressum\/#breadcrumb","itemListElement":[{"@type":"ListItem","position":1,"name":"Startseite","item":"https:\/\/bock-schroeder.de\/sv\/"},{"@type":"ListItem","position":2,"name":"Impressum"}]}]}},"_links":{"self":[{"href":"https:\/\/bock-schroeder.de\/sv\/wp-json\/wp\/v2\/pages\/78"}],"collection":[{"href":"https:\/\/bock-schroeder.de\/sv\/wp-json\/wp\/v2\/pages"}],"about":[{"href":"https:\/\/bock-schroeder.de\/sv\/wp-json\/wp\/v2\/types\/page"}],"author":[{"embeddable":true,"href":"https:\/\/bock-schroeder.de\/sv\/wp-json\/wp\/v2\/users\/1"}],"replies":[{"embeddable":true,"href":"https:\/\/bock-schroeder.de\/sv\/wp-json\/wp\/v2\/comments?post=78"}],"version-history":[{"count":7,"href":"https:\/\/bock-schroeder.de\/sv\/wp-json\/wp\/v2\/pages\/78\/revisions"}],"predecessor-version":[{"id":935,"href":"https:\/\/bock-schroeder.de\/sv\/wp-json\/wp\/v2\/pages\/78\/revisions\/935"}],"wp:attachment":[{"href":"https:\/\/bock-schroeder.de\/sv\/wp-json\/wp\/v2\/media?parent=78"}],"curies":[{"name":"wp","href":"https:\/\/api.w.org\/{rel}","templated":true}]}}