{"id":867,"date":"2020-10-27T16:01:03","date_gmt":"2020-10-27T15:01:03","guid":{"rendered":"https:\/\/bock-schroeder.de\/kontakt\/"},"modified":"2020-10-27T16:13:07","modified_gmt":"2020-10-27T15:13:07","slug":"kontakt","status":"publish","type":"page","link":"https:\/\/bock-schroeder.de\/sv\/kontakt\/","title":{"rendered":"Kontakt"},"content":{"rendered":"[vc_row][vc_column]<h1 class=\"vcex-heading vcex-module wpex-text-2xl wpex-font-normal wpex-m-auto wpex-max-w-100 vcex-heading-plain wpex-block\"><span class=\"vcex-heading-inner wpex-inline-block wpex-clr\">Kontakt:<\/span><\/h1>[\/vc_column][\/vc_row][vc_row][vc_column][vc_cta h2=&#8221;Du \u00f6nskar en direkt kontakt?&#8221; h4=&#8221;H\u00e4rligt!&#8221; color=&#8221;peacoc&#8221; add_button=&#8221;bottom&#8221; btn_title=&#8221;Skriv en e-post h\u00e4r!&#8221; btn_color=&#8221;peacoc&#8221; btn_link=&#8221;url:mailto%3Aoffice%40bock-schroeder.de|target:%20_blank|&#8221;]\n<p>Pratas vid helt enkelt! Ring Birgit Bock-Schr\u00f6der direkt p\u00e5 +49-160-9021 5334. Eller skriv ett kort meddelande.<\/p>\n[\/vc_cta][\/vc_column][\/vc_row][vc_row][vc_column][vc_column_text]\n<p>Skulle du vilja skicka n\u00e5got per <strong>post<\/strong>:<\/p>\n<p>Bock-Schr\u00f6der Kommunikation<\/p>\n<p>Postfach 1315<\/p>\n<p>DE-23879 M\u00f6lln \u00a0<\/p>\n<p>&nbsp;<\/p>\n<p>P\u00e5 <strong>sociala media<\/strong> n\u00e5r du Bock-Schr\u00f6der Kommunikation p\u00e5 f\u00f6ljande kanaler:<\/p>\n[\/vc_column_text][\/vc_column][\/vc_row][vc_row][vc_column]\n<div class=\"vcex-module wpex-social-btns vcex-social-btns wpex-last-mr-0\"><a  href=\"https:\/\/twitter.com\/BockSchroederPR\" class=\"wpex-social-btn wpex-social-btn-no-style wpex-mb-5 wpex-mr-5 wpex-has-custom-color wpex-twitter\" style=\"color:#009fa8;\" data-wpex-hover=\"{&quot;color&quot;:&quot;#009fa8&quot;}\"><span class=\"ticon ticon-twitter\" aria-hidden=\"true\"><\/span><span class=\"screen-reader-text\">Twitter<\/span><\/a><a  href=\"https:\/\/www.facebook.com\/bockschroeder.kommunikation\" class=\"wpex-social-btn wpex-social-btn-no-style wpex-mb-5 wpex-mr-5 wpex-has-custom-color wpex-facebook\" style=\"color:#009fa8;\" data-wpex-hover=\"{&quot;color&quot;:&quot;#009fa8&quot;}\"><span class=\"ticon ticon-facebook\" aria-hidden=\"true\"><\/span><span class=\"screen-reader-text\">Facebook<\/span><\/a><a  href=\"https:\/\/www.instagram.com\/bockschroederpr\/\" class=\"wpex-social-btn wpex-social-btn-no-style wpex-mb-5 wpex-mr-5 wpex-has-custom-color wpex-instagram\" style=\"color:#009fa8;\" data-wpex-hover=\"{&quot;color&quot;:&quot;#009fa8&quot;}\"><span class=\"ticon ticon-instagram\" aria-hidden=\"true\"><\/span><span class=\"screen-reader-text\">Instagram<\/span><\/a><\/div>\n[\/vc_column][\/vc_row]\n","protected":false},"excerpt":{"rendered":"<p>[vc_row][vc_column][\/vc_column][\/vc_row][vc_row][vc_column][vc_cta h2=&#8221;Du \u00f6nskar en direkt kontakt?&#8221; h4=&#8221;H\u00e4rligt!&#8221; color=&#8221;peacoc&#8221; add_button=&#8221;bottom&#8221; btn_title=&#8221;Skriv en e-post h\u00e4r!&#8221; btn_color=&#8221;peacoc&#8221; btn_link=&#8221;url:mailto%3Aoffice%40bock-schroeder.de|target:%20_blank|&#8221;] Pratas vid helt enkelt! Ring Birgit Bock-Schr\u00f6der direkt p\u00e5 +49-160-9021 5334. Eller skriv ett kort meddelande. [\/vc_cta][\/vc_column][\/vc_row][vc_row][vc_column][vc_column_text] Skulle du vilja skicka n\u00e5got per post: Bock-Schr\u00f6der Kommunikation Postfach 1315 DE-23879 M\u00f6lln \u00a0 &nbsp; P\u00e5 sociala media n\u00e5r du Bock-Schr\u00f6der Kommunikation p\u00e5&hellip;<\/p>\n","protected":false},"author":1,"featured_media":0,"parent":0,"menu_order":0,"comment_status":"closed","ping_status":"closed","template":"","meta":[],"yoast_head":"<!-- This site is optimized with the Yoast SEO plugin v17.0 - https:\/\/yoast.com\/wordpress\/plugins\/seo\/ -->\n<title>Kontakt - Bock-Schr\u00f6der Kommunikation<\/title>\n<meta name=\"description\" content=\"Du \u00f6nskar ta kontakt? H\u00e4rligt! S\u00e5h\u00e4r n\u00e5r du Bock-Schr\u00f6der Kommunikation och f\u00e5r kontakt med Birgit direkt.\" \/>\n<meta name=\"robots\" content=\"index, follow, max-snippet:-1, max-image-preview:large, max-video-preview:-1\" \/>\n<link rel=\"canonical\" href=\"https:\/\/bock-schroeder.de\/sv\/kontakt\/\" \/>\n<meta property=\"og:locale\" content=\"sv_SE\" \/>\n<meta property=\"og:type\" content=\"article\" \/>\n<meta property=\"og:title\" content=\"Kontakt - Bock-Schr\u00f6der Kommunikation\" \/>\n<meta property=\"og:description\" content=\"Du \u00f6nskar ta kontakt? H\u00e4rligt! S\u00e5h\u00e4r n\u00e5r du Bock-Schr\u00f6der Kommunikation och f\u00e5r kontakt med Birgit direkt.\" \/>\n<meta property=\"og:url\" content=\"https:\/\/bock-schroeder.de\/kontakt\/\" \/>\n<meta property=\"og:site_name\" content=\"Bock-Schr\u00f6der Kommunikation\" \/>\n<meta property=\"article:modified_time\" content=\"2020-10-27T15:13:07+00:00\" \/>\n<meta name=\"twitter:card\" content=\"summary_large_image\" \/>\n<meta name=\"twitter:label1\" content=\"Ber\u00e4knad l\u00e4stid\" \/>\n\t<meta name=\"twitter:data1\" content=\"1 minut\" \/>\n<script type=\"application\/ld+json\" class=\"yoast-schema-graph\">{\"@context\":\"https:\/\/schema.org\",\"@graph\":[{\"@type\":\"WebSite\",\"@id\":\"https:\/\/bock-schroeder.de\/#website\",\"url\":\"https:\/\/bock-schroeder.de\/\",\"name\":\"Bock-Schr\\u00f6der Kommunikation\",\"description\":\"Tourismus, Marketing und Kommunikation mit einem Fokus auf Nordeuropa\",\"potentialAction\":[{\"@type\":\"SearchAction\",\"target\":{\"@type\":\"EntryPoint\",\"urlTemplate\":\"https:\/\/bock-schroeder.de\/?s={search_term_string}\"},\"query-input\":\"required name=search_term_string\"}],\"inLanguage\":\"sv-SE\"},{\"@type\":\"WebPage\",\"@id\":\"https:\/\/bock-schroeder.de\/kontakt\/#webpage\",\"url\":\"https:\/\/bock-schroeder.de\/kontakt\/\",\"name\":\"Kontakt - Bock-Schr\\u00f6der Kommunikation\",\"isPartOf\":{\"@id\":\"https:\/\/bock-schroeder.de\/#website\"},\"datePublished\":\"2020-10-27T15:01:03+00:00\",\"dateModified\":\"2020-10-27T15:13:07+00:00\",\"description\":\"Du \\u00f6nskar ta kontakt? H\\u00e4rligt! S\\u00e5h\\u00e4r n\\u00e5r du Bock-Schr\\u00f6der Kommunikation och f\\u00e5r kontakt med Birgit direkt.\",\"breadcrumb\":{\"@id\":\"https:\/\/bock-schroeder.de\/kontakt\/#breadcrumb\"},\"inLanguage\":\"sv-SE\",\"potentialAction\":[{\"@type\":\"ReadAction\",\"target\":[\"https:\/\/bock-schroeder.de\/kontakt\/\"]}]},{\"@type\":\"BreadcrumbList\",\"@id\":\"https:\/\/bock-schroeder.de\/kontakt\/#breadcrumb\",\"itemListElement\":[{\"@type\":\"ListItem\",\"position\":1,\"name\":\"Startseite\",\"item\":\"https:\/\/bock-schroeder.de\/sv\/\"},{\"@type\":\"ListItem\",\"position\":2,\"name\":\"Kontakt\"}]}]}<\/script>\n<!-- \/ Yoast SEO plugin. -->","yoast_head_json":{"title":"Kontakt - Bock-Schr\u00f6der Kommunikation","description":"Du \u00f6nskar ta kontakt? H\u00e4rligt! S\u00e5h\u00e4r n\u00e5r du Bock-Schr\u00f6der Kommunikation och f\u00e5r kontakt med Birgit direkt.","robots":{"index":"index","follow":"follow","max-snippet":"max-snippet:-1","max-image-preview":"max-image-preview:large","max-video-preview":"max-video-preview:-1"},"canonical":"https:\/\/bock-schroeder.de\/sv\/kontakt\/","og_locale":"sv_SE","og_type":"article","og_title":"Kontakt - Bock-Schr\u00f6der Kommunikation","og_description":"Du \u00f6nskar ta kontakt? H\u00e4rligt! S\u00e5h\u00e4r n\u00e5r du Bock-Schr\u00f6der Kommunikation och f\u00e5r kontakt med Birgit direkt.","og_url":"https:\/\/bock-schroeder.de\/kontakt\/","og_site_name":"Bock-Schr\u00f6der Kommunikation","article_modified_time":"2020-10-27T15:13:07+00:00","twitter_card":"summary_large_image","twitter_misc":{"Ber\u00e4knad l\u00e4stid":"1 minut"},"schema":{"@context":"https:\/\/schema.org","@graph":[{"@type":"WebSite","@id":"https:\/\/bock-schroeder.de\/#website","url":"https:\/\/bock-schroeder.de\/","name":"Bock-Schr\u00f6der Kommunikation","description":"Tourismus, Marketing und Kommunikation mit einem Fokus auf Nordeuropa","potentialAction":[{"@type":"SearchAction","target":{"@type":"EntryPoint","urlTemplate":"https:\/\/bock-schroeder.de\/?s={search_term_string}"},"query-input":"required name=search_term_string"}],"inLanguage":"sv-SE"},{"@type":"WebPage","@id":"https:\/\/bock-schroeder.de\/kontakt\/#webpage","url":"https:\/\/bock-schroeder.de\/kontakt\/","name":"Kontakt - Bock-Schr\u00f6der Kommunikation","isPartOf":{"@id":"https:\/\/bock-schroeder.de\/#website"},"datePublished":"2020-10-27T15:01:03+00:00","dateModified":"2020-10-27T15:13:07+00:00","description":"Du \u00f6nskar ta kontakt? H\u00e4rligt! S\u00e5h\u00e4r n\u00e5r du Bock-Schr\u00f6der Kommunikation och f\u00e5r kontakt med Birgit direkt.","breadcrumb":{"@id":"https:\/\/bock-schroeder.de\/kontakt\/#breadcrumb"},"inLanguage":"sv-SE","potentialAction":[{"@type":"ReadAction","target":["https:\/\/bock-schroeder.de\/kontakt\/"]}]},{"@type":"BreadcrumbList","@id":"https:\/\/bock-schroeder.de\/kontakt\/#breadcrumb","itemListElement":[{"@type":"ListItem","position":1,"name":"Startseite","item":"https:\/\/bock-schroeder.de\/sv\/"},{"@type":"ListItem","position":2,"name":"Kontakt"}]}]}},"_links":{"self":[{"href":"https:\/\/bock-schroeder.de\/sv\/wp-json\/wp\/v2\/pages\/867"}],"collection":[{"href":"https:\/\/bock-schroeder.de\/sv\/wp-json\/wp\/v2\/pages"}],"about":[{"href":"https:\/\/bock-schroeder.de\/sv\/wp-json\/wp\/v2\/types\/page"}],"author":[{"embeddable":true,"href":"https:\/\/bock-schroeder.de\/sv\/wp-json\/wp\/v2\/users\/1"}],"replies":[{"embeddable":true,"href":"https:\/\/bock-schroeder.de\/sv\/wp-json\/wp\/v2\/comments?post=867"}],"version-history":[{"count":17,"href":"https:\/\/bock-schroeder.de\/sv\/wp-json\/wp\/v2\/pages\/867\/revisions"}],"predecessor-version":[{"id":884,"href":"https:\/\/bock-schroeder.de\/sv\/wp-json\/wp\/v2\/pages\/867\/revisions\/884"}],"wp:attachment":[{"href":"https:\/\/bock-schroeder.de\/sv\/wp-json\/wp\/v2\/media?parent=867"}],"curies":[{"name":"wp","href":"https:\/\/api.w.org\/{rel}","templated":true}]}}