{"id":886,"date":"2020-10-27T16:40:06","date_gmt":"2020-10-27T15:40:06","guid":{"rendered":"https:\/\/bock-schroeder.de\/om-oss\/"},"modified":"2020-10-27T17:59:49","modified_gmt":"2020-10-27T16:59:49","slug":"om-oss","status":"publish","type":"page","link":"https:\/\/bock-schroeder.de\/sv\/om-oss\/","title":{"rendered":"Om oss"},"content":{"rendered":"[vc_row][vc_column]\n<div class=\"templatera_shortcode\"><div class=\"vc_row wpb_row vc_row-fluid\"><div class=\"wpb_column vc_column_container vc_col-sm-12\"><div class=\"vc_column-inner\"><div class=\"wpb_wrapper\"><h1 class=\"vcex-heading vcex-module wpex-text-2xl wpex-font-normal wpex-m-auto wpex-max-w-100 vcex-heading-plain wpex-block\" style=\"color:#009fa8;\"><span class=\"vcex-heading-inner wpex-inline-block wpex-clr\">Seitentitel \u00dcberschrift<\/span><\/h1><\/div><\/div><\/div><\/div><\/div>\n[\/vc_column][\/vc_row][vc_row][vc_column][vc_column_text]\n<p>Bock-Schr\u00f6der Kommunikation \u00e4r en del av tyska bolaget <strong>Redaktionsb\u00fcro Bock-Schr\u00f6der GbR<\/strong>, som grundades 1994 av Ralf Schr\u00f6der och Birgit Bock-Schr\u00f6der i Hamburg.<\/p>\n<p>Under m\u00e4rket Bock-Schr\u00f6der Kommunikation har vi genomf\u00f6rt projekt inom marknadsf\u00f6ring, PR, corporate publishing och kommunikation p\u00e5 uppdrag av kunder sedan 2004. Dessutom \u00e4r vi aktiva som journalister, fotografer och skribenter inom verksamheten som Redaktionsb\u00fcro. Vi har publicerat m\u00e5nga b\u00f6cker hos olika f\u00f6rlag &#8211; till exempel Delius Klasing, Bruckmann, Langenscheidt, Polyglott, Merian, Travel-House, Nordis, Edition Elch och m\u00e5nga fler.<\/p>\n<p>\u00c4mnen som vi jobbar med \u00e4r Skandinavien och norra Europa, turistn\u00e4ringen och det turistiska resandet. Vi har ocks\u00e5 arbetat intensivt med sj\u00f6farts-tema i m\u00e5nga \u00e5r.<\/p>\n<p><strong>Birgit Bock-Schr\u00f6der<\/strong> ansvarar f\u00f6r de projekt som Bock-Schr\u00f6der Kommunikation genomf\u00f6r i kunduppdrag. <strong>Ralf Schr\u00f6der<\/strong> fokuserar p\u00e5 journalistiska projekt.<\/p>\n<p>Sedan 1997 finns Redaktionsb\u00fcro Bock-Schr\u00f6der GbR utanf\u00f6r Hamburg i Schleswig-Holstein i den vackra lilla staden M\u00f6lln.<\/p>\n[\/vc_column_text][\/vc_column][\/vc_row]\n","protected":false},"excerpt":{"rendered":"Seitentitel \u00dcberschrift Bock-Schr\u00f6der Kommunikation \u00e4r en del av tyska bolaget Redaktionsb\u00fcro Bock-Schr\u00f6der GbR, som grundades 1994 av Ralf Schr\u00f6der och Birgit Bock-Schr\u00f6der i Hamburg. Under m\u00e4rket Bock-Schr\u00f6der Kommunikation har vi genomf\u00f6rt projekt inom marknadsf\u00f6ring, PR, corporate publishing och kommunikation p\u00e5 uppdrag av kunder sedan 2004. Dessutom \u00e4r vi aktiva som journalister, fotografer och skribenter inom&hellip;","protected":false},"author":2,"featured_media":0,"parent":0,"menu_order":0,"comment_status":"closed","ping_status":"closed","template":"","meta":[],"yoast_head":"<!-- This site is optimized with the Yoast SEO plugin v17.0 - https:\/\/yoast.com\/wordpress\/plugins\/seo\/ -->\n<title>Om oss - Bock-Schr\u00f6der Kommunikation<\/title>\n<meta name=\"description\" content=\"Bock-Schr\u00f6der Kommunikation \u00e4r en del av tyska bolaget Redaktionsb\u00fcro Bock-Schr\u00f6der GbR, som grundades 1994 av Ralf Schr\u00f6der och Birgit Bock-Schr\u00f6der i Hamburg.\" \/>\n<meta name=\"robots\" content=\"index, follow, max-snippet:-1, max-image-preview:large, max-video-preview:-1\" \/>\n<link rel=\"canonical\" href=\"https:\/\/bock-schroeder.de\/sv\/ueber-uns\/\" \/>\n<meta property=\"og:locale\" content=\"sv_SE\" \/>\n<meta property=\"og:type\" content=\"article\" \/>\n<meta property=\"og:title\" content=\"Om oss - Bock-Schr\u00f6der Kommunikation\" \/>\n<meta property=\"og:description\" content=\"Bock-Schr\u00f6der Kommunikation \u00e4r en del av tyska bolaget Redaktionsb\u00fcro Bock-Schr\u00f6der GbR, som grundades 1994 av Ralf Schr\u00f6der och Birgit Bock-Schr\u00f6der i Hamburg.\" \/>\n<meta property=\"og:url\" content=\"https:\/\/bock-schroeder.de\/ueber-uns\/\" \/>\n<meta property=\"og:site_name\" content=\"Bock-Schr\u00f6der Kommunikation\" \/>\n<meta property=\"article:modified_time\" content=\"2020-10-27T16:59:49+00:00\" \/>\n<meta name=\"twitter:card\" content=\"summary_large_image\" \/>\n<meta name=\"twitter:label1\" content=\"Ber\u00e4knad l\u00e4stid\" \/>\n\t<meta name=\"twitter:data1\" content=\"1 minut\" \/>\n<script type=\"application\/ld+json\" class=\"yoast-schema-graph\">{\"@context\":\"https:\/\/schema.org\",\"@graph\":[{\"@type\":\"WebSite\",\"@id\":\"https:\/\/bock-schroeder.de\/#website\",\"url\":\"https:\/\/bock-schroeder.de\/\",\"name\":\"Bock-Schr\\u00f6der Kommunikation\",\"description\":\"Tourismus, Marketing und Kommunikation mit einem Fokus auf Nordeuropa\",\"potentialAction\":[{\"@type\":\"SearchAction\",\"target\":{\"@type\":\"EntryPoint\",\"urlTemplate\":\"https:\/\/bock-schroeder.de\/?s={search_term_string}\"},\"query-input\":\"required name=search_term_string\"}],\"inLanguage\":\"sv-SE\"},{\"@type\":\"WebPage\",\"@id\":\"https:\/\/bock-schroeder.de\/ueber-uns\/#webpage\",\"url\":\"https:\/\/bock-schroeder.de\/ueber-uns\/\",\"name\":\"Om oss - Bock-Schr\\u00f6der Kommunikation\",\"isPartOf\":{\"@id\":\"https:\/\/bock-schroeder.de\/#website\"},\"datePublished\":\"2020-10-27T15:40:06+00:00\",\"dateModified\":\"2020-10-27T16:59:49+00:00\",\"description\":\"Bock-Schr\\u00f6der Kommunikation \\u00e4r en del av tyska bolaget Redaktionsb\\u00fcro Bock-Schr\\u00f6der GbR, som grundades 1994 av Ralf Schr\\u00f6der och Birgit Bock-Schr\\u00f6der i Hamburg.\",\"breadcrumb\":{\"@id\":\"https:\/\/bock-schroeder.de\/ueber-uns\/#breadcrumb\"},\"inLanguage\":\"sv-SE\",\"potentialAction\":[{\"@type\":\"ReadAction\",\"target\":[\"https:\/\/bock-schroeder.de\/ueber-uns\/\"]}]},{\"@type\":\"BreadcrumbList\",\"@id\":\"https:\/\/bock-schroeder.de\/ueber-uns\/#breadcrumb\",\"itemListElement\":[{\"@type\":\"ListItem\",\"position\":1,\"name\":\"Startseite\",\"item\":\"https:\/\/bock-schroeder.de\/sv\/\"},{\"@type\":\"ListItem\",\"position\":2,\"name\":\"Om oss\"}]}]}<\/script>\n<!-- \/ Yoast SEO plugin. -->","yoast_head_json":{"title":"Om oss - Bock-Schr\u00f6der Kommunikation","description":"Bock-Schr\u00f6der Kommunikation \u00e4r en del av tyska bolaget Redaktionsb\u00fcro Bock-Schr\u00f6der GbR, som grundades 1994 av Ralf Schr\u00f6der och Birgit Bock-Schr\u00f6der i Hamburg.","robots":{"index":"index","follow":"follow","max-snippet":"max-snippet:-1","max-image-preview":"max-image-preview:large","max-video-preview":"max-video-preview:-1"},"canonical":"https:\/\/bock-schroeder.de\/sv\/ueber-uns\/","og_locale":"sv_SE","og_type":"article","og_title":"Om oss - Bock-Schr\u00f6der Kommunikation","og_description":"Bock-Schr\u00f6der Kommunikation \u00e4r en del av tyska bolaget Redaktionsb\u00fcro Bock-Schr\u00f6der GbR, som grundades 1994 av Ralf Schr\u00f6der och Birgit Bock-Schr\u00f6der i Hamburg.","og_url":"https:\/\/bock-schroeder.de\/ueber-uns\/","og_site_name":"Bock-Schr\u00f6der Kommunikation","article_modified_time":"2020-10-27T16:59:49+00:00","twitter_card":"summary_large_image","twitter_misc":{"Ber\u00e4knad l\u00e4stid":"1 minut"},"schema":{"@context":"https:\/\/schema.org","@graph":[{"@type":"WebSite","@id":"https:\/\/bock-schroeder.de\/#website","url":"https:\/\/bock-schroeder.de\/","name":"Bock-Schr\u00f6der Kommunikation","description":"Tourismus, Marketing und Kommunikation mit einem Fokus auf Nordeuropa","potentialAction":[{"@type":"SearchAction","target":{"@type":"EntryPoint","urlTemplate":"https:\/\/bock-schroeder.de\/?s={search_term_string}"},"query-input":"required name=search_term_string"}],"inLanguage":"sv-SE"},{"@type":"WebPage","@id":"https:\/\/bock-schroeder.de\/ueber-uns\/#webpage","url":"https:\/\/bock-schroeder.de\/ueber-uns\/","name":"Om oss - Bock-Schr\u00f6der Kommunikation","isPartOf":{"@id":"https:\/\/bock-schroeder.de\/#website"},"datePublished":"2020-10-27T15:40:06+00:00","dateModified":"2020-10-27T16:59:49+00:00","description":"Bock-Schr\u00f6der Kommunikation \u00e4r en del av tyska bolaget Redaktionsb\u00fcro Bock-Schr\u00f6der GbR, som grundades 1994 av Ralf Schr\u00f6der och Birgit Bock-Schr\u00f6der i Hamburg.","breadcrumb":{"@id":"https:\/\/bock-schroeder.de\/ueber-uns\/#breadcrumb"},"inLanguage":"sv-SE","potentialAction":[{"@type":"ReadAction","target":["https:\/\/bock-schroeder.de\/ueber-uns\/"]}]},{"@type":"BreadcrumbList","@id":"https:\/\/bock-schroeder.de\/ueber-uns\/#breadcrumb","itemListElement":[{"@type":"ListItem","position":1,"name":"Startseite","item":"https:\/\/bock-schroeder.de\/sv\/"},{"@type":"ListItem","position":2,"name":"Om oss"}]}]}},"_links":{"self":[{"href":"https:\/\/bock-schroeder.de\/sv\/wp-json\/wp\/v2\/pages\/886"}],"collection":[{"href":"https:\/\/bock-schroeder.de\/sv\/wp-json\/wp\/v2\/pages"}],"about":[{"href":"https:\/\/bock-schroeder.de\/sv\/wp-json\/wp\/v2\/types\/page"}],"author":[{"embeddable":true,"href":"https:\/\/bock-schroeder.de\/sv\/wp-json\/wp\/v2\/users\/2"}],"replies":[{"embeddable":true,"href":"https:\/\/bock-schroeder.de\/sv\/wp-json\/wp\/v2\/comments?post=886"}],"version-history":[{"count":22,"href":"https:\/\/bock-schroeder.de\/sv\/wp-json\/wp\/v2\/pages\/886\/revisions"}],"predecessor-version":[{"id":914,"href":"https:\/\/bock-schroeder.de\/sv\/wp-json\/wp\/v2\/pages\/886\/revisions\/914"}],"wp:attachment":[{"href":"https:\/\/bock-schroeder.de\/sv\/wp-json\/wp\/v2\/media?parent=886"}],"curies":[{"name":"wp","href":"https:\/\/api.w.org\/{rel}","templated":true}]}}